{"id":1299,"date":"2020-08-29T03:41:01","date_gmt":"2020-08-29T03:41:01","guid":{"rendered":"https:\/\/beta.stadtkapelle-neunburg.de\/?page_id=1299"},"modified":"2026-03-26T20:58:20","modified_gmt":"2026-03-26T19:58:20","slug":"home","status":"publish","type":"page","link":"https:\/\/www.stadtkapelle-neunburg.de\/","title":{"rendered":"Home"},"content":{"rendered":"\n<div class=\"wp-block-cover alignfull has-custom-content-position is-position-bottom-center &quot;wp-block-cover\" style=\"min-height:500px;aspect-ratio:unset;\"><span aria-hidden=\"true\" class=\"wp-block-cover__background has-ast-global-color-7-background-color has-background-dim-20 has-background-dim\"><\/span><img loading=\"lazy\" decoding=\"async\" width=\"2560\" height=\"661\" class=\"wp-block-cover__image-background wp-image-1557\" alt=\"\" src=\"https:\/\/www.stadtkapelle-neunburg.de\/wp-content\/uploads\/2022\/05\/54-scaled-e1711808642716.jpg\" data-object-fit=\"cover\" srcset=\"https:\/\/www.stadtkapelle-neunburg.de\/wp-content\/uploads\/2022\/05\/54-scaled-e1711808642716.jpg 2560w, https:\/\/www.stadtkapelle-neunburg.de\/wp-content\/uploads\/2022\/05\/54-scaled-e1711808642716-600x155.jpg 600w, https:\/\/www.stadtkapelle-neunburg.de\/wp-content\/uploads\/2022\/05\/54-scaled-e1711808642716-300x77.jpg 300w, https:\/\/www.stadtkapelle-neunburg.de\/wp-content\/uploads\/2022\/05\/54-scaled-e1711808642716-1024x264.jpg 1024w, https:\/\/www.stadtkapelle-neunburg.de\/wp-content\/uploads\/2022\/05\/54-scaled-e1711808642716-768x198.jpg 768w, https:\/\/www.stadtkapelle-neunburg.de\/wp-content\/uploads\/2022\/05\/54-scaled-e1711808642716-1536x397.jpg 1536w, https:\/\/www.stadtkapelle-neunburg.de\/wp-content\/uploads\/2022\/05\/54-scaled-e1711808642716-2048x529.jpg 2048w\" sizes=\"auto, (max-width: 2560px) 100vw, 2560px\" \/><div class=\"wp-block-cover__inner-container is-layout-flow wp-block-cover-is-layout-flow\">\n<div class=\"inherit-container-width wp-block-group is-layout-constrained wp-block-group-is-layout-constrained\"><div class=\"wp-block-group__inner-container\">\n<h2 class=\"wp-block-heading has-text-align-left has-text-color\" style=\"color:#ffffffb3\">Herzlich Willkommen<\/h2>\n\n\n\n<h2 class=\"wp-block-heading has-text-color\" style=\"color:#ffffffb3\">Stadtkapelle Neunburg vorm Wald e.V.<\/h2>\n\n\n\n<p class=\"has-text-align-left has-text-color\" style=\"color:#ffffffb3\">Die Stadtkapelle Neunburg vorm Wald (gegr\u00fcndet 1978) ist ein symphonisches Blasorchester und besteht aus 60 Musikerinnen und Musikern.<\/p>\n<\/div><\/div>\n<\/div><\/div>\n\n\n\n<div class=\"wp-block-columns is-layout-flex wp-container-core-columns-is-layout-28f84493 wp-block-columns-is-layout-flex\">\n<div class=\"wp-block-column is-layout-flow wp-block-column-is-layout-flow\">\n<div class=\"inherit-container-width wp-block-group is-layout-constrained wp-block-group-is-layout-constrained\"><div class=\"wp-block-group__inner-container\">\n<h2 class=\"wp-block-heading\">Aktuelles<\/h2>\n\n\n<ul style=\"line-height:3; padding-top:0;padding-bottom:0;\" class=\"wp-block-latest-posts__list wp-block-latest-posts has-medium-font-size\"><li><a class=\"wp-block-latest-posts__post-title\" href=\"https:\/\/www.stadtkapelle-neunburg.de\/?p=4603\">Ank\u00fcndigung 42. Weihnachtskonzert<\/a><\/li>\n<li><a class=\"wp-block-latest-posts__post-title\" href=\"https:\/\/www.stadtkapelle-neunburg.de\/?p=4574\">Ank\u00fcndigung 30. Burghofserenade mit Sommernachtsfest<\/a><\/li>\n<li><a class=\"wp-block-latest-posts__post-title\" href=\"https:\/\/www.stadtkapelle-neunburg.de\/?p=4570\">Ausflug zum Bowlen \ud83c\udfb3<\/a><\/li>\n<li><a class=\"wp-block-latest-posts__post-title\" href=\"https:\/\/www.stadtkapelle-neunburg.de\/?p=4567\">Jahreshauptversammlung mit Neuwahlen<\/a><\/li>\n<li><a class=\"wp-block-latest-posts__post-title\" href=\"https:\/\/www.stadtkapelle-neunburg.de\/?p=4548\">Filmmusikgala 2025<\/a><\/li>\n<\/ul>\n\n\n<p><a href=\"https:\/\/www.stadtkapelle-neunburg.de\/?page_id=1519\" data-type=\"page\" data-id=\"1519\">Mehr Beitr\u00e4ge&#8230;<\/a><\/p>\n<\/div><\/div>\n<\/div>\n\n\n\n<div class=\"wp-block-column is-layout-flow wp-block-column-is-layout-flow\">\n<div class=\"inherit-container-width wp-block-group is-layout-constrained wp-block-group-is-layout-constrained\"><div class=\"wp-block-group__inner-container\">\n<h2 class=\"wp-block-heading\">Anstehendes<\/h2>\n\n\n\n<iframe id=\"kmAppointmentListFrame\" style=\"display:block;box-sizing:border-box;width:100%;border:none;\" src=\"https:\/\/rest.konzertmeister.app\/api\/v3\/org\/OALS_17677e3f-f0a3-4271-9a56-f46ca5bdc904\/upcomingappointments?limit=5&#038;display=auto&#038;showDescription=true&#038;tags=28836&#038;hash=0edfdc6a62770187c71edeb01202cd868a9d0af8866f8c4b81ca903477dffa97\"><\/iframe><script>window.addEventListener('message', function(event) { var frame = document.getElementById('kmAppointmentListFrame'); if (event && event.data && event.data.kmAppointmentListHeight && typeof event.data.kmAppointmentListHeight === 'number' && frame) { var borderWidth = isNaN(frame.style.borderWidth.replace('px', '')) ? 0 : parseInt(frame.style.borderWidth.replace('px', ''), 10);document.getElementById('kmAppointmentListFrame').style.height = event.data.kmAppointmentListHeight + 2 * borderWidth + 'px';}});<\/script>\n\n\n\n<p><a href=\"https:\/\/www.stadtkapelle-neunburg.de\/?page_id=1820\" data-type=\"page\" data-id=\"1820\">Mehr Veranstaltungen&#8230;<\/a><\/p>\n<\/div><\/div>\n<\/div>\n<\/div>\n\n\n\n<hr class=\"wp-block-separator has-alpha-channel-opacity is-style-wide\"\/>\n\n\n\n<div class=\"wp-block-columns is-layout-flex wp-container-core-columns-is-layout-28f84493 wp-block-columns-is-layout-flex\">\n<div class=\"wp-block-column is-layout-flow wp-block-column-is-layout-flow\" style=\"flex-basis:66.66%\">\n<div class=\"wp-block-columns is-not-stacked-on-mobile is-layout-flex wp-container-core-columns-is-layout-d7d455e7 wp-block-columns-is-layout-flex\" style=\"padding-top:0;padding-right:0;padding-bottom:0;padding-left:0\">\n<div class=\"wp-block-column is-layout-flow wp-block-column-is-layout-flow\">\n<figure class=\"wp-block-image size-large\"><img decoding=\"async\" src=\"https:\/\/www.stadtkapelle-neunburg.de\/wp-content\/uploads\/2022\/05\/1-10-497x1024.jpg\" alt=\"\"\/><\/figure>\n<\/div>\n\n\n\n<div class=\"wp-block-column is-layout-flow wp-block-column-is-layout-flow\">\n<figure class=\"wp-block-image size-large\"><img decoding=\"async\" src=\"https:\/\/www.stadtkapelle-neunburg.de\/wp-content\/uploads\/2022\/05\/20-e1651529028543-180x300.jpg\" alt=\"\"\/><\/figure>\n<\/div>\n\n\n\n<div class=\"wp-block-column is-layout-flow wp-block-column-is-layout-flow\">\n<figure class=\"wp-block-image size-large &quot;wp-block-image\"><img decoding=\"async\" src=\"https:\/\/www.stadtkapelle-neunburg.de\/wp-content\/uploads\/2022\/05\/20190831_182106-e1651529583808-160x300.jpg\" alt=\"\"\/><\/figure>\n<\/div>\n\n\n\n<div class=\"wp-block-column is-layout-flow wp-block-column-is-layout-flow\">\n<figure class=\"wp-block-image size-large &quot;wp-block-image\"><img decoding=\"async\" src=\"https:\/\/www.stadtkapelle-neunburg.de\/wp-content\/uploads\/2022\/05\/1-29-e1651530228407-edited.jpg\" alt=\"\"\/><\/figure>\n<\/div>\n<\/div>\n<\/div>\n\n\n\n<div class=\"wp-block-column is-layout-flow wp-block-column-is-layout-flow\" style=\"flex-basis:33.33%\">\n<h2 class=\"wp-block-heading has-text-align-left\">Unsere Musik<\/h2>\n\n\n\n<p class=\"has-text-align-left\">Ob auf Festz\u00fcgen, der B\u00fchne, bei Geburtstagen oder Hochzeiten &#8211; Die Stadtkapelle Neunburg vorm Wald sorgt bei vielen Gelegenheiten f\u00fcr musikalisches Ambiente.<\/p>\n\n\n\n<p class=\"has-text-align-left\">Unser Repertoire besteht nicht nur aus traditioneller Blasmusik, sondern auch aus spannender Filmmusikliteratur, emotionalen Balladen, Eindr\u00fccken aus der Klassikepoche und vielen weiteren St\u00fccken und Werken aus verschiedensten Genres.<\/p>\n<\/div>\n<\/div>\n\n\n\n<hr class=\"wp-block-separator has-alpha-channel-opacity is-style-wide\"\/>\n\n\n\n<div class=\"inherit-container-width wp-block-group is-layout-constrained wp-block-group-is-layout-constrained\"><div class=\"wp-block-group__inner-container\">\n<h2 class=\"wp-block-heading\">Unsere Besetzungen<\/h2>\n\n\n<div class=\"n2-section-smartslider fitvidsignore  n2_clear\" data-ssid=\"2\"><div id=\"n2-ss-2-align\" class=\"n2-ss-align\"><div class=\"n2-padding\"><div id=\"n2-ss-2\" data-creator=\"Smart Slider 3\" data-responsive=\"auto\" class=\"n2-ss-slider n2-ow n2-has-hover n2notransition  \">\n\n\n\n<div class=\"n2-ss-slider-wrapper-inside\">\n        <div class=\"n2-ss-slider-1 n2_ss__touch_element n2-ow\">\n            <div class=\"n2-ss-slider-2 n2-ow\">\n                                                <div class=\"n2-ss-slider-3 n2-ow\">\n\n                    <div class=\"n2-ss-slide-backgrounds n2-ow-all\"><div class=\"n2-ss-slide-background\" data-public-id=\"1\" data-mode=\"fill\"><div class=\"n2-ss-slide-background-image\" data-blur=\"0\" data-opacity=\"100\" data-x=\"48\" data-y=\"80\" data-alt=\"\" data-title=\"\" style=\"--ss-o-pos-x:48%;--ss-o-pos-y:80%\"><picture class=\"skip-lazy\" data-skip-lazy=\"1\"><img decoding=\"async\" src=\"\/\/www.stadtkapelle-neunburg.de\/wp-content\/uploads\/2022\/05\/Stadtkapelle-2017-14-1020x680-1.jpg\" alt=\"\" title=\"\" loading=\"lazy\" class=\"skip-lazy\" data-skip-lazy=\"1\"><\/picture><\/div><div data-color=\"RGBA(255,255,255,1)\" style=\"background-color: RGBA(255,255,255,1);\" class=\"n2-ss-slide-background-color\"><\/div><\/div><div class=\"n2-ss-slide-background\" data-public-id=\"2\" data-mode=\"fill\" aria-hidden=\"true\"><div class=\"n2-ss-slide-background-image\" data-blur=\"0\" data-opacity=\"100\" data-x=\"46\" data-y=\"84\" data-alt=\"\" data-title=\"\" style=\"--ss-o-pos-x:46%;--ss-o-pos-y:84%\"><picture class=\"skip-lazy\" data-skip-lazy=\"1\"><img decoding=\"async\" src=\"\/\/www.stadtkapelle-neunburg.de\/wp-content\/uploads\/2022\/11\/1-43-min-scaled.jpg\" alt=\"\" title=\"\" loading=\"lazy\" class=\"skip-lazy\" data-skip-lazy=\"1\"><\/picture><\/div><div data-color=\"RGBA(0,0,0,1)\" style=\"background-color: RGBA(0,0,0,1);\" class=\"n2-ss-slide-background-color\"><\/div><\/div><div class=\"n2-ss-slide-background\" data-public-id=\"3\" data-mode=\"fill\" aria-hidden=\"true\"><div class=\"n2-ss-slide-background-image\" data-blur=\"0\" data-opacity=\"100\" data-x=\"48\" data-y=\"42\" data-alt=\"\" data-title=\"\" style=\"--ss-o-pos-x:48%;--ss-o-pos-y:42%\"><picture class=\"skip-lazy\" data-skip-lazy=\"1\"><img decoding=\"async\" src=\"\/\/www.stadtkapelle-neunburg.de\/wp-content\/uploads\/2022\/11\/BA\u00b6hmische_Stadtkapelle-Neunburg.jpg\" alt=\"\" title=\"\" loading=\"lazy\" class=\"skip-lazy\" data-skip-lazy=\"1\"><\/picture><\/div><div data-color=\"RGBA(0,0,0,1)\" style=\"background-color: RGBA(0,0,0,1);\" class=\"n2-ss-slide-background-color\"><\/div><\/div><div class=\"n2-ss-slide-background\" data-public-id=\"4\" data-mode=\"fill\" aria-hidden=\"true\"><div class=\"n2-ss-slide-background-image\" data-blur=\"0\" data-opacity=\"100\" data-x=\"48\" data-y=\"42\" data-alt=\"\" data-title=\"\" style=\"--ss-o-pos-x:48%;--ss-o-pos-y:42%\"><picture class=\"skip-lazy\" data-skip-lazy=\"1\"><img decoding=\"async\" src=\"\/\/www.stadtkapelle-neunburg.de\/wp-content\/uploads\/2022\/11\/Tanzlmusi.jpg\" alt=\"\" title=\"\" loading=\"lazy\" class=\"skip-lazy\" data-skip-lazy=\"1\"><\/picture><\/div><div data-color=\"RGBA(0,0,0,1)\" style=\"background-color: RGBA(0,0,0,1);\" class=\"n2-ss-slide-background-color\"><\/div><\/div><\/div>                    <div class=\"n2-ss-slider-4 n2-ow\">\n                        <svg xmlns=\"http:\/\/www.w3.org\/2000\/svg\" viewBox=\"0 0 1200 600\" data-related-device=\"desktopPortrait\" class=\"n2-ow n2-ss-preserve-size n2-ss-preserve-size--slider n2-ss-slide-limiter\"><\/svg><div data-first=\"1\" data-slide-duration=\"0\" data-id=\"6\" data-slide-public-id=\"1\" data-title=\"Stadtkapelle\" class=\"n2-ss-slide n2-ow  n2-ss-slide-6\"><div role=\"note\" class=\"n2-ss-slide--focus\" tabindex=\"-1\">Stadtkapelle<\/div><div class=\"n2-ss-layers-container n2-ss-slide-limiter n2-ow\"><div class=\"n2-ss-layer n2-ow n-uc-3o5jnXyHOgLo\" data-sstype=\"slide\" data-pm=\"default\"><div class=\"n2-ss-layer n2-ow n-uc-TH28ft132rXj\" data-pm=\"default\" data-sstype=\"content\" data-hasbackground=\"0\"><div class=\"n2-ss-section-main-content n2-ss-layer-with-background n2-ss-layer-content n2-ow n-uc-TH28ft132rXj-inner\"><div class=\"n2-ss-layer n2-ow n-uc-dHuI4zdtQxgS\" data-pm=\"normal\" data-sstype=\"layer\"><div id=\"n2-ss-2item1\" class=\"n2-font-14ae68f5b1e293e0896036c5e09c4405-hover n2-style-9f5dc5d83d1e80cc08f17ca91407e523-heading   n2-ss-item-content n2-ss-text n2-ow\" style=\"display:block;white-space:nowrap;\">Stadtkapelle<\/div><\/div><div class=\"n2-ss-layer n2-ow n-uc-7sRcYee8IHNn n2-ss-layer--auto\" data-pm=\"normal\" data-sstype=\"layer\"><div class=\"n2-ss-button-container n2-ss-item-content n2-ow n2-font-b22b6590b1d0109a3ac8466f5692b0e6-link  n2-ss-nowrap n2-ss-button-container--non-full-width\"><a class=\"n2-style-5d60cef1fc7d0867f85e72be9938e32e-heading  n2-ow \" href=\"https:\/\/www.stadtkapelle-neunburg.de\/?page_id=1512\"><div><div>Mehr dazu<\/div><\/div><\/a><\/div><\/div><\/div><\/div><\/div><\/div><\/div><div data-slide-duration=\"0\" data-id=\"4\" data-slide-public-id=\"2\" aria-hidden=\"true\" data-title=\"Jugendorchester\" class=\"n2-ss-slide n2-ow  n2-ss-slide-4\"><div role=\"note\" class=\"n2-ss-slide--focus\" tabindex=\"-1\">Jugendorchester<\/div><div class=\"n2-ss-layers-container n2-ss-slide-limiter n2-ow\"><div class=\"n2-ss-layer n2-ow n-uc-IpDmBFpKm6kK\" data-sstype=\"slide\" data-pm=\"default\"><div class=\"n2-ss-layer n2-ow n-uc-1JXlmckXm9R3\" data-pm=\"default\" data-sstype=\"content\" data-hasbackground=\"0\"><div class=\"n2-ss-section-main-content n2-ss-layer-with-background n2-ss-layer-content n2-ow n-uc-1JXlmckXm9R3-inner\"><div class=\"n2-ss-layer n2-ow n-uc-2XxtMZCWF1eI\" data-pm=\"normal\" data-sstype=\"layer\"><div id=\"n2-ss-2item3\" class=\"n2-font-14ae68f5b1e293e0896036c5e09c4405-hover n2-style-9f5dc5d83d1e80cc08f17ca91407e523-heading   n2-ss-item-content n2-ss-text n2-ow\" style=\"display:block;white-space:nowrap;\">Jugendorchester<\/div><\/div><div class=\"n2-ss-layer n2-ow n-uc-CU0LoGMZOZrz n2-ss-layer--auto\" data-pm=\"normal\" data-sstype=\"layer\"><div class=\"n2-ss-button-container n2-ss-item-content n2-ow n2-font-b22b6590b1d0109a3ac8466f5692b0e6-link  n2-ss-nowrap n2-ss-button-container--non-full-width\"><a class=\"n2-style-5d60cef1fc7d0867f85e72be9938e32e-heading  n2-ow \" href=\"https:\/\/www.stadtkapelle-neunburg.de\/?page_id=1513\"><div><div>Mehr dazu<\/div><\/div><\/a><\/div><\/div><\/div><\/div><\/div><\/div><\/div><div data-slide-duration=\"0\" data-id=\"7\" data-slide-public-id=\"3\" aria-hidden=\"true\" data-title=\"Neunburger B\u00f6hmische\" class=\"n2-ss-slide n2-ow  n2-ss-slide-7\"><div role=\"note\" class=\"n2-ss-slide--focus\" tabindex=\"-1\">Neunburger B\u00f6hmische<\/div><div class=\"n2-ss-layers-container n2-ss-slide-limiter n2-ow\"><div class=\"n2-ss-layer n2-ow n-uc-ZkMh302Mtwd0\" data-sstype=\"slide\" data-pm=\"default\"><div class=\"n2-ss-layer n2-ow n-uc-qNJHUTZ89Rqa\" data-pm=\"default\" data-sstype=\"content\" data-hasbackground=\"0\"><div class=\"n2-ss-section-main-content n2-ss-layer-with-background n2-ss-layer-content n2-ow n-uc-qNJHUTZ89Rqa-inner\"><div class=\"n2-ss-layer n2-ow n-uc-bXrARK33O6c8\" data-pm=\"normal\" data-sstype=\"layer\"><div id=\"n2-ss-2item5\" class=\"n2-font-14ae68f5b1e293e0896036c5e09c4405-hover n2-style-9f5dc5d83d1e80cc08f17ca91407e523-heading   n2-ss-item-content n2-ss-text n2-ow\" style=\"display:block;white-space:nowrap;\">Neunburger B\u00f6hmische<\/div><\/div><div class=\"n2-ss-layer n2-ow n-uc-xSrsVV3JhjfE n2-ss-layer--auto\" data-pm=\"normal\" data-sstype=\"layer\"><div class=\"n2-ss-button-container n2-ss-item-content n2-ow n2-font-176464dee0eea5b1ac11b21dab9b24d2-link  n2-ss-nowrap n2-ss-button-container--non-full-width\"><a class=\"n2-style-c55ff1f4d5bbdda2a8d9abe10a357aea-heading  n2-ow \" href=\"https:\/\/www.stadtkapelle-neunburg.de\/?page_id=1514\"><div><div>Mehr dazu<\/div><\/div><\/a><\/div><\/div><\/div><\/div><\/div><\/div><\/div><div data-slide-duration=\"0\" data-id=\"8\" data-slide-public-id=\"4\" aria-hidden=\"true\" data-title=\"Neunburger Tanzlmusi\" class=\"n2-ss-slide n2-ow  n2-ss-slide-8\"><div role=\"note\" class=\"n2-ss-slide--focus\" tabindex=\"-1\">Neunburger Tanzlmusi<\/div><div class=\"n2-ss-layers-container n2-ss-slide-limiter n2-ow\"><div class=\"n2-ss-layer n2-ow n-uc-aZTb11ApOGup\" data-sstype=\"slide\" data-pm=\"default\"><div class=\"n2-ss-layer n2-ow n-uc-xt9ioRw102dw\" data-pm=\"default\" data-sstype=\"content\" data-hasbackground=\"0\"><div class=\"n2-ss-section-main-content n2-ss-layer-with-background n2-ss-layer-content n2-ow n-uc-xt9ioRw102dw-inner\"><div class=\"n2-ss-layer n2-ow n-uc-1lC5MkAJnHGS\" data-pm=\"normal\" data-sstype=\"layer\"><div id=\"n2-ss-2item7\" class=\"n2-font-14ae68f5b1e293e0896036c5e09c4405-hover n2-style-9f5dc5d83d1e80cc08f17ca91407e523-heading   n2-ss-item-content n2-ss-text n2-ow\" style=\"display:block;white-space:nowrap;\">Neunburger Tanzlmusi<\/div><\/div><div class=\"n2-ss-layer n2-ow n-uc-3uJdQjuFsZyp n2-ss-layer--auto\" data-pm=\"normal\" data-sstype=\"layer\"><div class=\"n2-ss-button-container n2-ss-item-content n2-ow n2-font-176464dee0eea5b1ac11b21dab9b24d2-link  n2-ss-nowrap n2-ss-button-container--non-full-width\"><a class=\"n2-style-c55ff1f4d5bbdda2a8d9abe10a357aea-heading  n2-ow \" href=\"https:\/\/www.stadtkapelle-neunburg.de\/?page_id=1515\"><div><div>Mehr dazu<\/div><\/div><\/a><\/div><\/div><\/div><\/div><\/div><\/div><\/div>                    <\/div>\n\n                                    <\/div>\n            <\/div>\n        <\/div>\n        <div class=\"n2-ss-slider-controls n2-ss-slider-controls-absolute-right-top\"><div style=\"--widget-offset:15px;\" class=\"n2-ss-widget n2-ss-widget-display-hover n2-style-f17ddbf2d8ed14421f9093b94b93b8a9-heading nextend-autoplay n2-ow-all nextend-autoplay-image\" role=\"button\" aria-label=\"Play autoplay\" data-pause-label=\"Pause autoplay\" data-play-label=\"Play autoplay\" tabindex=\"0\"><img loading=\"lazy\" decoding=\"async\" width=\"16\" height=\"16\" class=\"nextend-autoplay-play skip-lazy\" data-skip-lazy=\"1\" src=\"data:image\/svg+xml;base64,PHN2ZyB3aWR0aD0iMTYiIGhlaWdodD0iMTYiIHZpZXdCb3g9IjAgMCAxNiAxNiIgeG1sbnM9Imh0dHA6Ly93d3cudzMub3JnLzIwMDAvc3ZnIj4KICAgIDxwYXRoIGQ9Ik0xMS41OCA3LjAzTDUuMzAyIDIuMTY1QzUuMTY1IDIuMDU3IDUuMDE2IDIgNC44NTcgMiA0LjM4NCAyIDQgMi41MDQgNCAzLjEyNXY5Ljc1YzAgLjYyLjM4NCAxLjEyNS44NTcgMS4xMjUuMTYgMCAuMzA4LS4wNTcuNDM2LS4xNTZMMTEuNTggOC45N2MuMjUtLjE5OC40Mi0uNTU4LjQyLS45NyAwLS40MTItLjE3LS43NzMtLjQyLS45N3oiCiAgICAgICAgICBmaWxsPSIjZmZmZmZmIiBvcGFjaXR5PSIwLjgiIGZpbGwtcnVsZT0iZXZlbm9kZCIvPgo8L3N2Zz4=\" alt=\"Play\"><img loading=\"lazy\" decoding=\"async\" width=\"16\" height=\"16\" class=\"nextend-autoplay-pause skip-lazy\" data-skip-lazy=\"1\" src=\"data:image\/svg+xml;base64,PHN2ZyB3aWR0aD0iMTYiIGhlaWdodD0iMTYiIHZpZXdCb3g9IjAgMCAxNiAxNiIgeG1sbnM9Imh0dHA6Ly93d3cudzMub3JnLzIwMDAvc3ZnIj4KICAgIDxwYXRoIGQ9Ik00IDJ2MTJoM1YySDR6bTUgMHYxMmgzVjJIOXoiIGZpbGw9IiNmZmZmZmYiIG9wYWNpdHk9IjAuOCIgZmlsbC1ydWxlPSJldmVub2RkIi8+Cjwvc3ZnPg==\" alt=\"Pause\"><\/div><\/div><div class=\"n2-ss-slider-controls n2-ss-slider-controls-absolute-left-center\"><div style=\"--widget-offset:15px;\" class=\"n2-ss-widget nextend-arrow n2-ow-all nextend-arrow-previous  nextend-arrow-animated-fade\" data-hide-mobileportrait=\"1\" id=\"n2-ss-2-arrow-previous\" role=\"button\" aria-label=\"previous arrow\" tabindex=\"0\"><img loading=\"lazy\" decoding=\"async\" width=\"32\" height=\"32\" class=\"skip-lazy\" data-skip-lazy=\"1\" src=\"data:image\/svg+xml;base64,PHN2ZyB3aWR0aD0iMzIiIGhlaWdodD0iMzIiIHZpZXdCb3g9IjAgMCAzMiAzMiIgeG1sbnM9Imh0dHA6Ly93d3cudzMub3JnLzIwMDAvc3ZnIj4KICAgIDxwYXRoIGQ9Ik0xMS40MzMgMTUuOTkyTDIyLjY5IDUuNzEyYy4zOTMtLjM5LjM5My0xLjAzIDAtMS40Mi0uMzkzLS4zOS0xLjAzLS4zOS0xLjQyMyAwbC0xMS45OCAxMC45NGMtLjIxLjIxLS4zLjQ5LS4yODUuNzYtLjAxNS4yOC4wNzUuNTYuMjg0Ljc3bDExLjk4IDEwLjk0Yy4zOTMuMzkgMS4wMy4zOSAxLjQyNCAwIC4zOTMtLjQuMzkzLTEuMDMgMC0xLjQybC0xMS4yNTctMTAuMjkiCiAgICAgICAgICBmaWxsPSIjZmZmZmZmIiBvcGFjaXR5PSIwLjgiIGZpbGwtcnVsZT0iZXZlbm9kZCIvPgo8L3N2Zz4=\" alt=\"previous arrow\"><\/div><\/div><div class=\"n2-ss-slider-controls n2-ss-slider-controls-absolute-right-center\"><div style=\"--widget-offset:15px;\" class=\"n2-ss-widget nextend-arrow n2-ow-all nextend-arrow-next  nextend-arrow-animated-fade\" data-hide-mobileportrait=\"1\" id=\"n2-ss-2-arrow-next\" role=\"button\" aria-label=\"next arrow\" tabindex=\"0\"><img loading=\"lazy\" decoding=\"async\" width=\"32\" height=\"32\" class=\"skip-lazy\" data-skip-lazy=\"1\" src=\"data:image\/svg+xml;base64,PHN2ZyB3aWR0aD0iMzIiIGhlaWdodD0iMzIiIHZpZXdCb3g9IjAgMCAzMiAzMiIgeG1sbnM9Imh0dHA6Ly93d3cudzMub3JnLzIwMDAvc3ZnIj4KICAgIDxwYXRoIGQ9Ik0xMC43MjIgNC4yOTNjLS4zOTQtLjM5LTEuMDMyLS4zOS0xLjQyNyAwLS4zOTMuMzktLjM5MyAxLjAzIDAgMS40MmwxMS4yODMgMTAuMjgtMTEuMjgzIDEwLjI5Yy0uMzkzLjM5LS4zOTMgMS4wMiAwIDEuNDIuMzk1LjM5IDEuMDMzLjM5IDEuNDI3IDBsMTIuMDA3LTEwLjk0Yy4yMS0uMjEuMy0uNDkuMjg0LS43Ny4wMTQtLjI3LS4wNzYtLjU1LS4yODYtLjc2TDEwLjcyIDQuMjkzeiIKICAgICAgICAgIGZpbGw9IiNmZmZmZmYiIG9wYWNpdHk9IjAuOCIgZmlsbC1ydWxlPSJldmVub2RkIi8+Cjwvc3ZnPg==\" alt=\"next arrow\"><\/div><\/div><\/div><\/div><ss3-loader><\/ss3-loader><\/div><\/div><div class=\"n2_clear\"><\/div><\/div><\/div><\/div>\n","protected":false},"excerpt":{"rendered":"<p>Aktuelles Mehr Beitr\u00e4ge&#8230; Anstehendes Mehr Veranstaltungen&#8230; Unsere Musik Ob auf Festz\u00fcgen, der B\u00fchne, bei Geburtstagen oder Hochzeiten &#8211; Die Stadtkapelle Neunburg vorm Wald sorgt bei vielen Gelegenheiten f\u00fcr musikalisches Ambiente. Unser Repertoire besteht nicht nur aus traditioneller Blasmusik, sondern auch aus spannender Filmmusikliteratur, emotionalen Balladen, Eindr\u00fccken aus der Klassikepoche und vielen weiteren St\u00fccken und Werken [&hellip;]<\/p>\n","protected":false},"author":3,"featured_media":0,"parent":0,"menu_order":0,"comment_status":"closed","ping_status":"closed","template":"","meta":{"site-sidebar-layout":"no-sidebar","site-content-layout":"plain-container","ast-site-content-layout":"normal-width-container","site-content-style":"unboxed","site-sidebar-style":"unboxed","ast-global-header-display":"","ast-banner-title-visibility":"","ast-main-header-display":"","ast-hfb-above-header-display":"","ast-hfb-below-header-display":"","ast-hfb-mobile-header-display":"","site-post-title":"disabled","ast-breadcrumbs-content":"disabled","ast-featured-img":"disabled","footer-sml-layout":"","ast-disable-related-posts":"","theme-transparent-header-meta":"enabled","adv-header-id-meta":"","stick-header-meta":"","header-above-stick-meta":"","header-main-stick-meta":"","header-below-stick-meta":"","astra-migrate-meta-layouts":"set","ast-page-background-enabled":"default","ast-page-background-meta":{"desktop":{"background-color":"","background-image":"","background-repeat":"repeat","background-position":"center center","background-size":"auto","background-attachment":"scroll","background-type":"","background-media":"","overlay-type":"","overlay-color":"","overlay-opacity":"","overlay-gradient":""},"tablet":{"background-color":"","background-image":"","background-repeat":"repeat","background-position":"center center","background-size":"auto","background-attachment":"scroll","background-type":"","background-media":"","overlay-type":"","overlay-color":"","overlay-opacity":"","overlay-gradient":""},"mobile":{"background-color":"","background-image":"","background-repeat":"repeat","background-position":"center center","background-size":"auto","background-attachment":"scroll","background-type":"","background-media":"","overlay-type":"","overlay-color":"","overlay-opacity":"","overlay-gradient":""}},"ast-content-background-meta":{"desktop":{"background-color":"var(--ast-global-color-5)","background-image":"","background-repeat":"repeat","background-position":"center center","background-size":"auto","background-attachment":"scroll","background-type":"","background-media":"","overlay-type":"","overlay-color":"","overlay-opacity":"","overlay-gradient":""},"tablet":{"background-color":"var(--ast-global-color-5)","background-image":"","background-repeat":"repeat","background-position":"center center","background-size":"auto","background-attachment":"scroll","background-type":"","background-media":"","overlay-type":"","overlay-color":"","overlay-opacity":"","overlay-gradient":""},"mobile":{"background-color":"var(--ast-global-color-5)","background-image":"","background-repeat":"repeat","background-position":"center center","background-size":"auto","background-attachment":"scroll","background-type":"","background-media":"","overlay-type":"","overlay-color":"","overlay-opacity":"","overlay-gradient":""}},"footnotes":""},"class_list":["post-1299","page","type-page","status-publish","hentry"],"_links":{"self":[{"href":"https:\/\/www.stadtkapelle-neunburg.de\/index.php?rest_route=\/wp\/v2\/pages\/1299","targetHints":{"allow":["GET"]}}],"collection":[{"href":"https:\/\/www.stadtkapelle-neunburg.de\/index.php?rest_route=\/wp\/v2\/pages"}],"about":[{"href":"https:\/\/www.stadtkapelle-neunburg.de\/index.php?rest_route=\/wp\/v2\/types\/page"}],"author":[{"embeddable":true,"href":"https:\/\/www.stadtkapelle-neunburg.de\/index.php?rest_route=\/wp\/v2\/users\/3"}],"replies":[{"embeddable":true,"href":"https:\/\/www.stadtkapelle-neunburg.de\/index.php?rest_route=%2Fwp%2Fv2%2Fcomments&post=1299"}],"version-history":[{"count":171,"href":"https:\/\/www.stadtkapelle-neunburg.de\/index.php?rest_route=\/wp\/v2\/pages\/1299\/revisions"}],"predecessor-version":[{"id":4621,"href":"https:\/\/www.stadtkapelle-neunburg.de\/index.php?rest_route=\/wp\/v2\/pages\/1299\/revisions\/4621"}],"wp:attachment":[{"href":"https:\/\/www.stadtkapelle-neunburg.de\/index.php?rest_route=%2Fwp%2Fv2%2Fmedia&parent=1299"}],"curies":[{"name":"wp","href":"https:\/\/api.w.org\/{rel}","templated":true}]}}