{"id":1509,"date":"2022-05-02T21:39:29","date_gmt":"2022-05-02T19:39:29","guid":{"rendered":"https:\/\/beta.stadtkapelle-neunburg.de\/?page_id=1509"},"modified":"2025-02-05T22:20:54","modified_gmt":"2025-02-05T21:20:54","slug":"kontakt","status":"publish","type":"page","link":"https:\/\/www.stadtkapelle-neunburg.de\/?page_id=1509","title":{"rendered":"Kontakt"},"content":{"rendered":"\n<p>Bitte verwenden Sie dieses Formular nicht f\u00fcr \u00c4nderungsw\u00fcnsche bzgl. Ihrer Mitgliedschaft (z. B. Beitritt oder Beendigung). Sollten Sie unsicher sein, nutzen Sie bitte den Kommunikationsweg per E-Mail oder Post. Unsere Mailadresse lautet <a href=\"mailto:info@stadtkapelle-neunburg.de\">info@stadtkapelle-neunburg.de<\/a>. Unsere Postadresse finden Sie in unserem <a href=\"https:\/\/www.stadtkapelle-neunburg.de\/?page_id=1508\" data-type=\"page\" data-id=\"1508\" target=\"_blank\" rel=\"noreferrer noopener\">Impressum<\/a>.<\/p>\n\n\n\n<div class=\"forminator-guttenberg\"><div class=\"forminator-ui forminator-custom-form forminator-custom-form-4539 forminator-design--basic  forminator_ajax\" data-forminator-render=\"0\" data-form=\"forminator-module-4539\" data-uid=\"69f6c41dda307\"><br\/><\/div><form\n\t\t\t\tid=\"forminator-module-4539\"\n\t\t\t\tclass=\"forminator-ui forminator-custom-form forminator-custom-form-4539 forminator-design--basic  forminator_ajax\"\n\t\t\t\tmethod=\"post\"\n\t\t\t\tdata-forminator-render=\"0\"\n\t\t\t\tdata-form-id=\"4539\"\n\t\t\t\t data-color-option=\"theme\" data-design=\"basic\" data-grid=\"open\" style=\"display: none;\"\n\t\t\t\tdata-uid=\"69f6c41dda307\"\n\t\t\t><div role=\"alert\" aria-live=\"polite\" class=\"forminator-response-message forminator-error\" aria-hidden=\"true\"><\/div><div class=\"forminator-row\"><div id=\"name-1\" class=\"forminator-field-name forminator-col forminator-col-12 \"><div class=\"forminator-field\"><label for=\"forminator-field-name-1_69f6c41dda307\" id=\"forminator-field-name-1_69f6c41dda307-label\" class=\"forminator-label\">Name <span class=\"forminator-required\">*<\/span><\/label><input type=\"text\" name=\"name-1\" value=\"\" placeholder=\"z. B. Max Mustermann\" id=\"forminator-field-name-1_69f6c41dda307\" class=\"forminator-input forminator-name--field\" aria-required=\"true\" autocomplete=\"name\" \/><\/div><\/div><\/div><div class=\"forminator-row\"><div id=\"email-1\" class=\"forminator-field-email forminator-col forminator-col-6 \"><div class=\"forminator-field\"><label for=\"forminator-field-email-1_69f6c41dda307\" id=\"forminator-field-email-1_69f6c41dda307-label\" class=\"forminator-label\">E-Mail-Adresse <span class=\"forminator-required\">*<\/span><\/label><input type=\"email\" name=\"email-1\" value=\"\" placeholder=\"z. B. max@mustermann.de\" id=\"forminator-field-email-1_69f6c41dda307\" class=\"forminator-input forminator-email--field\" data-required=\"true\" aria-required=\"true\" autocomplete=\"email\" \/><\/div><\/div><div id=\"phone-1\" class=\"forminator-field-phone forminator-col forminator-col-6 \"><div class=\"forminator-field\"><label for=\"forminator-field-phone-1_69f6c41dda307\" id=\"forminator-field-phone-1_69f6c41dda307-label\" class=\"forminator-label\">Telefonnummer<\/label><input type=\"text\" name=\"phone-1\" value=\"\" placeholder=\"z. B. +49 3004005000\" id=\"forminator-field-phone-1_69f6c41dda307\" class=\"forminator-input forminator-field--phone\" data-required=\"\" aria-required=\"false\" autocomplete=\"off\" \/><\/div><\/div><\/div><div class=\"forminator-row\"><div id=\"text-1\" class=\"forminator-field-text forminator-col forminator-col-12 \"><div class=\"forminator-field\"><label for=\"forminator-field-text-1_69f6c41dda307\" id=\"forminator-field-text-1_69f6c41dda307-label\" class=\"forminator-label\">Betreff <span class=\"forminator-required\">*<\/span><\/label><input type=\"text\" name=\"text-1\" value=\"\" placeholder=\"z. B. Mein Anliegen\" id=\"forminator-field-text-1_69f6c41dda307\" class=\"forminator-input forminator-name--field\" data-required=\"1\" maxlength=\"50\" \/><span id=\"forminator-field-text-1_69f6c41dda307-description\" class=\"forminator-description\"><span data-limit=\"50\" data-type=\"characters\">0 \/ 50<\/span><\/span><\/div><\/div><\/div><div class=\"forminator-row\"><div id=\"textarea-1\" class=\"forminator-field-textarea forminator-col forminator-col-12 \"><div class=\"forminator-field\"><label for=\"forminator-field-textarea-1_69f6c41dda307\" id=\"forminator-field-textarea-1_69f6c41dda307-label\" class=\"forminator-label\">Nachricht <span class=\"forminator-required\">*<\/span><\/label><textarea name=\"textarea-1\" placeholder=\"Gib deine Nachricht ein...\" id=\"forminator-field-textarea-1_69f6c41dda307\" class=\"forminator-textarea\" rows=\"6\" style=\"--forminator-textarea-min-height:140px;\" maxlength=\"180\" ><\/textarea><span id=\"forminator-field-textarea-1_69f6c41dda307-description\" class=\"forminator-description\"><span data-limit=\"180\" data-type=\"characters\" data-editor=\"\">0 \/ 180<\/span><\/span><\/div><\/div><\/div><div class=\"forminator-row\" style=\"margin: 0;\"><div id=\"captcha-1\" class=\"forminator-field-captcha  forminator-col-12 \"><div class=\"forminator-captcha-right forminator-g-recaptcha recaptcha-invisible\" data-theme=\"light\" data-badge=\"bottomright\" data-sitekey=\"6LedFc4qAAAAANDBkCS2kGS9L3cfhqEWGAhpmTu9\" data-size=\"invisible\"><\/div> <\/div><\/div><div class=\"forminator-row\"><div id=\"consent-1\" class=\"forminator-field-consent forminator-col forminator-col-12 \"><div class=\"forminator-field\"><label for=\"forminator-field-consent-1_69f6c41dda307\" id=\"forminator-field-consent-1_69f6c41dda307-label\" class=\"forminator-label\">Datenschutz <span class=\"forminator-required\">*<\/span><\/label><div class=\"forminator-checkbox__wrapper\"><label id=\"forminator-field-consent-1_69f6c41dda307__label\" class=\"forminator-checkbox forminator-consent\"><input type=\"checkbox\" name=\"consent-1\" id=\"forminator-field-consent-1_69f6c41dda307\" value=\"checked\" aria-labelledby=\"forminator-field-consent-1_69f6c41dda307-label\" aria-describedby=\"forminator-field-consent-1_69f6c41dda307__description\" data-required=\"true\" aria-required=\"true\" \/><span class=\"forminator-checkbox-box\" aria-hidden=\"true\"><\/span><\/label><div id=\"forminator-field-consent-1_69f6c41dda307__description\" class=\"forminator-checkbox__label forminator-consent__label\"><p>Ich kenne die <a href=\"https:\/\/www.stadtkapelle-neunburg.de\/?page_id=3\">Datenschutzbedingungen<\/a> und bin damit einverstanden.<\/p><\/div><\/div><\/div><\/div><\/div><input type=\"hidden\" name=\"referer_url\" value=\"\" \/><div class=\"forminator-row forminator-row-last\"><div class=\"forminator-col\"><div class=\"forminator-field\"><button class=\"forminator-button forminator-button-submit\">Nachricht senden<\/button><\/div><\/div><\/div><input type=\"hidden\" id=\"forminator_nonce\" name=\"forminator_nonce\" value=\"7df59e8801\" \/><input type=\"hidden\" name=\"_wp_http_referer\" value=\"\/index.php?rest_route=%2Fwp%2Fv2%2Fpages%2F1509\" \/><input type=\"hidden\" name=\"form_id\" value=\"4539\"><input type=\"hidden\" name=\"page_id\" value=\"1509\"><input type=\"hidden\" name=\"form_type\" value=\"default\"><input type=\"hidden\" name=\"current_url\" value=\"https:\/\/www.stadtkapelle-neunburg.de\/?page_id=1509\"><input type=\"hidden\" name=\"render_id\" value=\"0\"><input type=\"hidden\" name=\"action\" value=\"forminator_submit_form_custom-forms\"><\/form><\/div>\n","protected":false},"excerpt":{"rendered":"<p>Bitte verwenden Sie dieses Formular nicht f\u00fcr \u00c4nderungsw\u00fcnsche bzgl. Ihrer Mitgliedschaft (z. B. Beitritt oder Beendigung). Sollten Sie unsicher sein, nutzen Sie bitte den Kommunikationsweg per E-Mail oder Post. Unsere Mailadresse lautet info@stadtkapelle-neunburg.de. Unsere Postadresse finden Sie in unserem Impressum.<\/p>\n","protected":false},"author":3,"featured_media":0,"parent":0,"menu_order":0,"comment_status":"closed","ping_status":"closed","template":"","meta":{"site-sidebar-layout":"default","site-content-layout":"","ast-site-content-layout":"default","site-content-style":"default","site-sidebar-style":"default","ast-global-header-display":"","ast-banner-title-visibility":"","ast-main-header-display":"","ast-hfb-above-header-display":"","ast-hfb-below-header-display":"","ast-hfb-mobile-header-display":"","site-post-title":"","ast-breadcrumbs-content":"","ast-featured-img":"","footer-sml-layout":"","ast-disable-related-posts":"","theme-transparent-header-meta":"","adv-header-id-meta":"","stick-header-meta":"","header-above-stick-meta":"","header-main-stick-meta":"","header-below-stick-meta":"","astra-migrate-meta-layouts":"set","ast-page-background-enabled":"default","ast-page-background-meta":{"desktop":{"background-color":"","background-image":"","background-repeat":"repeat","background-position":"center center","background-size":"auto","background-attachment":"scroll","background-type":"","background-media":"","overlay-type":"","overlay-color":"","overlay-opacity":"","overlay-gradient":""},"tablet":{"background-color":"","background-image":"","background-repeat":"repeat","background-position":"center center","background-size":"auto","background-attachment":"scroll","background-type":"","background-media":"","overlay-type":"","overlay-color":"","overlay-opacity":"","overlay-gradient":""},"mobile":{"background-color":"","background-image":"","background-repeat":"repeat","background-position":"center center","background-size":"auto","background-attachment":"scroll","background-type":"","background-media":"","overlay-type":"","overlay-color":"","overlay-opacity":"","overlay-gradient":""}},"ast-content-background-meta":{"desktop":{"background-color":"var(--ast-global-color-5)","background-image":"","background-repeat":"repeat","background-position":"center center","background-size":"auto","background-attachment":"scroll","background-type":"","background-media":"","overlay-type":"","overlay-color":"","overlay-opacity":"","overlay-gradient":""},"tablet":{"background-color":"var(--ast-global-color-5)","background-image":"","background-repeat":"repeat","background-position":"center center","background-size":"auto","background-attachment":"scroll","background-type":"","background-media":"","overlay-type":"","overlay-color":"","overlay-opacity":"","overlay-gradient":""},"mobile":{"background-color":"var(--ast-global-color-5)","background-image":"","background-repeat":"repeat","background-position":"center center","background-size":"auto","background-attachment":"scroll","background-type":"","background-media":"","overlay-type":"","overlay-color":"","overlay-opacity":"","overlay-gradient":""}},"footnotes":""},"class_list":["post-1509","page","type-page","status-publish","hentry"],"_links":{"self":[{"href":"https:\/\/www.stadtkapelle-neunburg.de\/index.php?rest_route=\/wp\/v2\/pages\/1509","targetHints":{"allow":["GET"]}}],"collection":[{"href":"https:\/\/www.stadtkapelle-neunburg.de\/index.php?rest_route=\/wp\/v2\/pages"}],"about":[{"href":"https:\/\/www.stadtkapelle-neunburg.de\/index.php?rest_route=\/wp\/v2\/types\/page"}],"author":[{"embeddable":true,"href":"https:\/\/www.stadtkapelle-neunburg.de\/index.php?rest_route=\/wp\/v2\/users\/3"}],"replies":[{"embeddable":true,"href":"https:\/\/www.stadtkapelle-neunburg.de\/index.php?rest_route=%2Fwp%2Fv2%2Fcomments&post=1509"}],"version-history":[{"count":14,"href":"https:\/\/www.stadtkapelle-neunburg.de\/index.php?rest_route=\/wp\/v2\/pages\/1509\/revisions"}],"predecessor-version":[{"id":4542,"href":"https:\/\/www.stadtkapelle-neunburg.de\/index.php?rest_route=\/wp\/v2\/pages\/1509\/revisions\/4542"}],"wp:attachment":[{"href":"https:\/\/www.stadtkapelle-neunburg.de\/index.php?rest_route=%2Fwp%2Fv2%2Fmedia&parent=1509"}],"curies":[{"name":"wp","href":"https:\/\/api.w.org\/{rel}","templated":true}]}}