{"id":1512,"date":"2022-05-02T21:39:29","date_gmt":"2022-05-02T19:39:29","guid":{"rendered":"https:\/\/beta.stadtkapelle-neunburg.de\/?page_id=1512"},"modified":"2022-11-27T18:03:07","modified_gmt":"2022-11-27T17:03:07","slug":"stadtkapelle","status":"publish","type":"page","link":"https:\/\/www.stadtkapelle-neunburg.de\/?page_id=1512","title":{"rendered":"Stadtkapelle"},"content":{"rendered":"\n<figure class=\"wp-block-image aligncenter size-full is-resized\"><img loading=\"lazy\" decoding=\"async\" src=\"https:\/\/beta.stadtkapelle-neunburg.de\/wp-content\/uploads\/2022\/05\/Stadtkapelle-2017-14-1020x680-1-e1669568354513.jpg\" alt=\"\" class=\"wp-image-1489\" width=\"904\" height=\"379\" srcset=\"https:\/\/www.stadtkapelle-neunburg.de\/wp-content\/uploads\/2022\/05\/Stadtkapelle-2017-14-1020x680-1-e1669568354513.jpg 887w, https:\/\/www.stadtkapelle-neunburg.de\/wp-content\/uploads\/2022\/05\/Stadtkapelle-2017-14-1020x680-1-e1669568354513-600x252.jpg 600w, https:\/\/www.stadtkapelle-neunburg.de\/wp-content\/uploads\/2022\/05\/Stadtkapelle-2017-14-1020x680-1-e1669568354513-300x126.jpg 300w, https:\/\/www.stadtkapelle-neunburg.de\/wp-content\/uploads\/2022\/05\/Stadtkapelle-2017-14-1020x680-1-e1669568354513-768x322.jpg 768w\" sizes=\"auto, (max-width: 904px) 100vw, 904px\" \/><\/figure>\n\n\n\n<p>\u201eMit Musik anderen eine Freude machen und selber Spa\u00df an der Musik haben\u201c: So k\u00f6nnte das Motto der Stadtkapelle lauten. Die inzwischen \u00fcber 80 aktiven Musiker des Vereins bewegen sich dabei in den unterschiedlichsten Musikrichtungen und auf verschiedensten Veranstaltungen. Egal ob symphonische oder traditionelle Blasmusik, ob Rock-Arrangement oder Kirchenchoral, ob Festkonzert oder Geburtstagsst\u00e4ndchen \u2013 gerade die Vielfalt macht den Reiz aus. H\u00e4ufig ist die Stadtkapelle oder eines ihrer Ensembles auch anzutreffen, wenn bei weltlichen und kirchlichen Anl\u00e4ssen ein musikalischer Rahmen gefordert ist. So ist jedes Jahr aufs Neue der Veranstaltungskalender wieder gut gef\u00fcllt. Ziel der Stadtkapelle ist es dabei immer, Musik auf hohem Niveau zu bieten.<\/p>\n\n\n\n<p>Nach der Gr\u00fcndung 1978 wechselte im Jahr 2000 zum ersten Mal die musikalische Leitung und Hermann S\u00fc\u00df \u00fcbergab den Dirigentenstab an das Gr\u00fcndungsmitglied Anton Lottner. Dieser leitete die Stadtkapelle ebenfalls sehr erfolgreich \u00fcber lange Jahre hinweg und f\u00fchrte sie insbesondere gegen Ende seiner Zeit zu unvergessenen Highlights wie die Filmmusik-Gala zur Oskar-Nacht oder die \u201eBroadway-Gala\u201c. Seit 2018 wird die Kapelle nun nicht weniger Erfolgreich von Markus Held geleitet.<\/p>\n\n\n\n<h4 class=\"wp-block-heading\">Musikalische Ausrichtung<\/h4>\n\n\n\n<p>Von den Anf\u00e4ngen her hat sich die Stadtkapelle inzwischen zu einem gro\u00dfen symphonischen Blasorchester entwickelt. Um die spielerische Leistung unter Beweis zu stellen, nahmen und nehmen die Musiker bereits seit 1980 regelm\u00e4\u00dfig an Wertungsspielen und Musikwettbewerben teil und dies mit beachtlichen Erfolg. Dabei wurde die Qualit\u00e4t fortlaufend gesteigert, so dass man gegenw\u00e4rtig in der Ober- und H\u00f6chststufe antritt. Neben dem Probenbetrieb und dem \u201eAlltagsgesch\u00e4ft\u201c wurden auch immer wieder viele Highlights erreicht, so beispielsweise die Produktion einer eigenen CD, die Auff\u00fchrung eines Musicals oder eine fulminante Filmmusikgala. Einen festen Platz im Jahresprogramm haben auch Ausfl\u00fcge und Konzertreisen, die das Orchester unter anderem nach England und Norwegen f\u00fchrten, gemeinschaftliche Feiern, Teilnahmen an Sportturnieren, eigene Veranstaltungen wie die Winterparty usw.<\/p>\n\n\n\n<h4 class=\"wp-block-heading\">Besonderes Erkennungszeichen: Unsere Tracht nach historischem Vorbild<\/h4>\n\n\n\n<p>Das Kennzeichen der Stadtkapelle ist die Oberpf\u00e4lzer Tracht, die sozusagen die Uniform der Musiker ist. Neben den braunen Jacken sind in ihr auch die Neunburger Stadtfarben blau-wei\u00df-rot repr\u00e4sentiert (wobei die Spieler hin und wieder etwas Spott f\u00fcr die \u201ebabyblauen\u201c Kniestr\u00fcmpfe ernten). Die eigentlich zur Tracht geh\u00f6renden gr\u00fcn-brauen \u201eBommelh\u00fcte\u201c stehen aktuell leider nicht mehr zur Verf\u00fcgung.<\/p>\n\n\n\n<figure class=\"wp-block-image aligncenter size-full\"><img loading=\"lazy\" decoding=\"async\" width=\"935\" height=\"341\" src=\"https:\/\/beta.stadtkapelle-neunburg.de\/wp-content\/uploads\/2022\/11\/19-1020x828-1-e1669568558545.jpeg\" alt=\"\" class=\"wp-image-1884\" srcset=\"https:\/\/www.stadtkapelle-neunburg.de\/wp-content\/uploads\/2022\/11\/19-1020x828-1-e1669568558545.jpeg 935w, https:\/\/www.stadtkapelle-neunburg.de\/wp-content\/uploads\/2022\/11\/19-1020x828-1-e1669568558545-600x219.jpeg 600w, https:\/\/www.stadtkapelle-neunburg.de\/wp-content\/uploads\/2022\/11\/19-1020x828-1-e1669568558545-300x109.jpeg 300w, https:\/\/www.stadtkapelle-neunburg.de\/wp-content\/uploads\/2022\/11\/19-1020x828-1-e1669568558545-768x280.jpeg 768w\" sizes=\"auto, (max-width: 935px) 100vw, 935px\" \/><\/figure>\n","protected":false},"excerpt":{"rendered":"<p>\u201eMit Musik anderen eine Freude machen und selber Spa\u00df an der Musik haben\u201c: So k\u00f6nnte das Motto der Stadtkapelle lauten. Die inzwischen \u00fcber 80 aktiven Musiker des Vereins bewegen sich dabei in den unterschiedlichsten Musikrichtungen und auf verschiedensten Veranstaltungen. Egal ob symphonische oder traditionelle Blasmusik, ob Rock-Arrangement oder Kirchenchoral, ob Festkonzert oder Geburtstagsst\u00e4ndchen \u2013 gerade [&hellip;]<\/p>\n","protected":false},"author":3,"featured_media":0,"parent":0,"menu_order":0,"comment_status":"closed","ping_status":"closed","template":"","meta":{"site-sidebar-layout":"default","site-content-layout":"","ast-site-content-layout":"default","site-content-style":"default","site-sidebar-style":"default","ast-global-header-display":"","ast-banner-title-visibility":"","ast-main-header-display":"","ast-hfb-above-header-display":"","ast-hfb-below-header-display":"","ast-hfb-mobile-header-display":"","site-post-title":"","ast-breadcrumbs-content":"","ast-featured-img":"","footer-sml-layout":"","ast-disable-related-posts":"","theme-transparent-header-meta":"","adv-header-id-meta":"","stick-header-meta":"","header-above-stick-meta":"","header-main-stick-meta":"","header-below-stick-meta":"","astra-migrate-meta-layouts":"default","ast-page-background-enabled":"default","ast-page-background-meta":{"desktop":{"background-color":"","background-image":"","background-repeat":"repeat","background-position":"center center","background-size":"auto","background-attachment":"scroll","background-type":"","background-media":"","overlay-type":"","overlay-color":"","overlay-opacity":"","overlay-gradient":""},"tablet":{"background-color":"","background-image":"","background-repeat":"repeat","background-position":"center center","background-size":"auto","background-attachment":"scroll","background-type":"","background-media":"","overlay-type":"","overlay-color":"","overlay-opacity":"","overlay-gradient":""},"mobile":{"background-color":"","background-image":"","background-repeat":"repeat","background-position":"center center","background-size":"auto","background-attachment":"scroll","background-type":"","background-media":"","overlay-type":"","overlay-color":"","overlay-opacity":"","overlay-gradient":""}},"ast-content-background-meta":{"desktop":{"background-color":"var(--ast-global-color-5)","background-image":"","background-repeat":"repeat","background-position":"center center","background-size":"auto","background-attachment":"scroll","background-type":"","background-media":"","overlay-type":"","overlay-color":"","overlay-opacity":"","overlay-gradient":""},"tablet":{"background-color":"var(--ast-global-color-5)","background-image":"","background-repeat":"repeat","background-position":"center center","background-size":"auto","background-attachment":"scroll","background-type":"","background-media":"","overlay-type":"","overlay-color":"","overlay-opacity":"","overlay-gradient":""},"mobile":{"background-color":"var(--ast-global-color-5)","background-image":"","background-repeat":"repeat","background-position":"center center","background-size":"auto","background-attachment":"scroll","background-type":"","background-media":"","overlay-type":"","overlay-color":"","overlay-opacity":"","overlay-gradient":""}},"footnotes":""},"class_list":["post-1512","page","type-page","status-publish","hentry"],"_links":{"self":[{"href":"https:\/\/www.stadtkapelle-neunburg.de\/index.php?rest_route=\/wp\/v2\/pages\/1512","targetHints":{"allow":["GET"]}}],"collection":[{"href":"https:\/\/www.stadtkapelle-neunburg.de\/index.php?rest_route=\/wp\/v2\/pages"}],"about":[{"href":"https:\/\/www.stadtkapelle-neunburg.de\/index.php?rest_route=\/wp\/v2\/types\/page"}],"author":[{"embeddable":true,"href":"https:\/\/www.stadtkapelle-neunburg.de\/index.php?rest_route=\/wp\/v2\/users\/3"}],"replies":[{"embeddable":true,"href":"https:\/\/www.stadtkapelle-neunburg.de\/index.php?rest_route=%2Fwp%2Fv2%2Fcomments&post=1512"}],"version-history":[{"count":5,"href":"https:\/\/www.stadtkapelle-neunburg.de\/index.php?rest_route=\/wp\/v2\/pages\/1512\/revisions"}],"predecessor-version":[{"id":1886,"href":"https:\/\/www.stadtkapelle-neunburg.de\/index.php?rest_route=\/wp\/v2\/pages\/1512\/revisions\/1886"}],"wp:attachment":[{"href":"https:\/\/www.stadtkapelle-neunburg.de\/index.php?rest_route=%2Fwp%2Fv2%2Fmedia&parent=1512"}],"curies":[{"name":"wp","href":"https:\/\/api.w.org\/{rel}","templated":true}]}}