{"id":1513,"date":"2022-05-02T21:39:29","date_gmt":"2022-05-02T19:39:29","guid":{"rendered":"https:\/\/beta.stadtkapelle-neunburg.de\/?page_id=1513"},"modified":"2022-11-28T01:08:42","modified_gmt":"2022-11-28T00:08:42","slug":"jugendorchester","status":"publish","type":"page","link":"https:\/\/www.stadtkapelle-neunburg.de\/?page_id=1513","title":{"rendered":"Jugendorchester"},"content":{"rendered":"\n<figure class=\"wp-block-image aligncenter size-large is-resized\"><img loading=\"lazy\" decoding=\"async\" src=\"https:\/\/www.stadtkapelle-neunburg.de\/wp-content\/uploads\/2022\/11\/Logo_JugO-1024x442.png\" alt=\"\" width=\"256\" height=\"111\"\/><\/figure>\n\n\n\n<div class=\"inherit-container-width wp-block-group is-layout-constrained wp-block-group-is-layout-constrained\"><div class=\"wp-block-group__inner-container\">\n<div class=\"wp-block-columns is-layout-flex wp-container-core-columns-is-layout-28f84493 wp-block-columns-is-layout-flex\">\n<div class=\"wp-block-column is-vertically-aligned-center is-layout-flow wp-block-column-is-layout-flow\" style=\"flex-basis:30%\">\n<figure class=\"wp-block-embed is-type-video is-provider-youtube wp-block-embed-youtube wp-embed-aspect-16-9 wp-has-aspect-ratio\"><div class=\"wp-block-embed__wrapper\">\n<iframe loading=\"lazy\" title=\"Jugendorchester der Stadtkapelle Neunburg vorm Wald\" width=\"500\" height=\"281\" src=\"https:\/\/www.youtube.com\/embed\/jI58-_b9TAI?feature=oembed\" frameborder=\"0\" allow=\"accelerometer; autoplay; clipboard-write; encrypted-media; gyroscope; picture-in-picture; web-share\" referrerpolicy=\"strict-origin-when-cross-origin\" allowfullscreen><\/iframe>\n<\/div><\/figure>\n<\/div>\n\n\n\n<div class=\"wp-block-column is-layout-flow wp-block-column-is-layout-flow\" style=\"flex-basis:70%\">\n<p>Am 14. Januar 2005 trafen sich 24 junge Musiker und Musikerinnen mit Taktgeber Markus Held im Probenraum der Stadtkapelle Neunburg \u2013 die allererste Probe und damit die Geburtsstunde des Jugendorchesters. Bereits zuvor hatte es \u00fcber lange Jahre hinweg eine Nachwuchsgruppe unter Leitung von Hubert Kroner gegeben, um angehende Musiker auf das Orchesterspiel vorzubereiten. Nun wurde diese Nachwuchsgruppe um junge Instrumentalisten, die bereits in der Stadtkapelle spielten, erg\u00e4nzt.<\/p>\n<\/div>\n<\/div>\n\n\n\n<p>Der neue Klangk\u00f6rper wuchs rasch zusammen und erarbeitete sich ein eigenes abwechslungsreiches Repertoire. Schon bald konnten die ersten Auftritte absolviert werden. Von Anfang an waren und sind die Beitr\u00e4ge zu den gro\u00dfen Konzerten der Stadtkapelle feste Termine im Jahreskalender. Regelm\u00e4\u00dfige Auftritte finden daneben bei der Weihnachtsfeier der Stadtkapelle und beim Neunburger Burgadvent statt. Und auch ansonsten kam das eigene Unterhaltungsprogramm schon mehrere Male zum Einsatz, z.B. im Marienheim unter dem Motto \u201eJung trifft Alt\u201c. Auch Probentagen vor gro\u00dfen Konzerten geh\u00f6ren zum Programm, genauso wie au\u00dfermusikalische Aktivit\u00e4ten wie DVD-Abende (vorzugsweise Filme, deren Soundtrack gerade eingeprobt wird) oder Bowlen.<\/p>\n\n\n\n<p>2010 war ein sehr ereignisreiches Jahr f\u00fcr das Jugendorchester. Man konnte das 5-j\u00e4hrige Jubil\u00e4um begehen und nahm au\u00dferdem am Wertungsspiel in Auerbach in der Unterstufe teil \u2013 das Pr\u00e4dikat \u201emit ausgezeichnetem Erfolg\u201c war Lohn f\u00fcr die Probenarbeit und ein definitiver H\u00f6hepunkt. Gleichzeitig gab Markus Held aus beruflichen Gr\u00fcnden den Taktstock an Verena Sinzger weiter.<br>Eine wichtige Aufgabe des Jugendorchesters war und ist die Nachwuchswerbung und \u2013f\u00f6rderung. Immer wieder finden \u00f6ffentliche Schnupperproben statt, um das Interesse am Orchesterspiel zu wecken.<\/p>\n\n\n\n<p>Seit 2019 ist Hanna Fu\u00df die Dirigentin des Jugendorchesters und f\u00fchrt seitdem die jungen Musiker mit modernen Musikst\u00fccken an das Orchesterspiel heran. Mittlerweile ist eine beachtenswerte Anzahl von Musikern aus dem Jugendorchester in die \u201egro\u00dfe\u201c Stadtkapelle gewechselt, was die Bedeutung des Jugendorchesters zeigt.<\/p>\n<\/div><\/div>\n\n\n\n<figure class=\"wp-block-image aligncenter size-full\"><img loading=\"lazy\" decoding=\"async\" width=\"632\" height=\"474\" src=\"https:\/\/beta.stadtkapelle-neunburg.de\/wp-content\/uploads\/2022\/11\/DSC00660-632x474-1.jpeg\" alt=\"\" class=\"wp-image-1892\" srcset=\"https:\/\/www.stadtkapelle-neunburg.de\/wp-content\/uploads\/2022\/11\/DSC00660-632x474-1.jpeg 632w, https:\/\/www.stadtkapelle-neunburg.de\/wp-content\/uploads\/2022\/11\/DSC00660-632x474-1-600x450.jpeg 600w, https:\/\/www.stadtkapelle-neunburg.de\/wp-content\/uploads\/2022\/11\/DSC00660-632x474-1-300x225.jpeg 300w\" sizes=\"auto, (max-width: 632px) 100vw, 632px\" \/><\/figure>\n","protected":false},"excerpt":{"rendered":"<p>Am 14. Januar 2005 trafen sich 24 junge Musiker und Musikerinnen mit Taktgeber Markus Held im Probenraum der Stadtkapelle Neunburg \u2013 die allererste Probe und damit die Geburtsstunde des Jugendorchesters. Bereits zuvor hatte es \u00fcber lange Jahre hinweg eine Nachwuchsgruppe unter Leitung von Hubert Kroner gegeben, um angehende Musiker auf das Orchesterspiel vorzubereiten. Nun wurde [&hellip;]<\/p>\n","protected":false},"author":3,"featured_media":0,"parent":0,"menu_order":0,"comment_status":"closed","ping_status":"closed","template":"","meta":{"site-sidebar-layout":"default","site-content-layout":"","ast-site-content-layout":"default","site-content-style":"default","site-sidebar-style":"default","ast-global-header-display":"","ast-banner-title-visibility":"","ast-main-header-display":"","ast-hfb-above-header-display":"","ast-hfb-below-header-display":"","ast-hfb-mobile-header-display":"","site-post-title":"disabled","ast-breadcrumbs-content":"","ast-featured-img":"","footer-sml-layout":"","ast-disable-related-posts":"","theme-transparent-header-meta":"","adv-header-id-meta":"","stick-header-meta":"","header-above-stick-meta":"","header-main-stick-meta":"","header-below-stick-meta":"","astra-migrate-meta-layouts":"default","ast-page-background-enabled":"default","ast-page-background-meta":{"desktop":{"background-color":"","background-image":"","background-repeat":"repeat","background-position":"center center","background-size":"auto","background-attachment":"scroll","background-type":"","background-media":"","overlay-type":"","overlay-color":"","overlay-opacity":"","overlay-gradient":""},"tablet":{"background-color":"","background-image":"","background-repeat":"repeat","background-position":"center center","background-size":"auto","background-attachment":"scroll","background-type":"","background-media":"","overlay-type":"","overlay-color":"","overlay-opacity":"","overlay-gradient":""},"mobile":{"background-color":"","background-image":"","background-repeat":"repeat","background-position":"center center","background-size":"auto","background-attachment":"scroll","background-type":"","background-media":"","overlay-type":"","overlay-color":"","overlay-opacity":"","overlay-gradient":""}},"ast-content-background-meta":{"desktop":{"background-color":"var(--ast-global-color-5)","background-image":"","background-repeat":"repeat","background-position":"center center","background-size":"auto","background-attachment":"scroll","background-type":"","background-media":"","overlay-type":"","overlay-color":"","overlay-opacity":"","overlay-gradient":""},"tablet":{"background-color":"var(--ast-global-color-5)","background-image":"","background-repeat":"repeat","background-position":"center center","background-size":"auto","background-attachment":"scroll","background-type":"","background-media":"","overlay-type":"","overlay-color":"","overlay-opacity":"","overlay-gradient":""},"mobile":{"background-color":"var(--ast-global-color-5)","background-image":"","background-repeat":"repeat","background-position":"center center","background-size":"auto","background-attachment":"scroll","background-type":"","background-media":"","overlay-type":"","overlay-color":"","overlay-opacity":"","overlay-gradient":""}},"footnotes":""},"class_list":["post-1513","page","type-page","status-publish","hentry"],"_links":{"self":[{"href":"https:\/\/www.stadtkapelle-neunburg.de\/index.php?rest_route=\/wp\/v2\/pages\/1513","targetHints":{"allow":["GET"]}}],"collection":[{"href":"https:\/\/www.stadtkapelle-neunburg.de\/index.php?rest_route=\/wp\/v2\/pages"}],"about":[{"href":"https:\/\/www.stadtkapelle-neunburg.de\/index.php?rest_route=\/wp\/v2\/types\/page"}],"author":[{"embeddable":true,"href":"https:\/\/www.stadtkapelle-neunburg.de\/index.php?rest_route=\/wp\/v2\/users\/3"}],"replies":[{"embeddable":true,"href":"https:\/\/www.stadtkapelle-neunburg.de\/index.php?rest_route=%2Fwp%2Fv2%2Fcomments&post=1513"}],"version-history":[{"count":49,"href":"https:\/\/www.stadtkapelle-neunburg.de\/index.php?rest_route=\/wp\/v2\/pages\/1513\/revisions"}],"predecessor-version":[{"id":3650,"href":"https:\/\/www.stadtkapelle-neunburg.de\/index.php?rest_route=\/wp\/v2\/pages\/1513\/revisions\/3650"}],"wp:attachment":[{"href":"https:\/\/www.stadtkapelle-neunburg.de\/index.php?rest_route=%2Fwp%2Fv2%2Fmedia&parent=1513"}],"curies":[{"name":"wp","href":"https:\/\/api.w.org\/{rel}","templated":true}]}}