{"id":1516,"date":"2022-05-02T21:39:29","date_gmt":"2022-05-02T19:39:29","guid":{"rendered":"https:\/\/beta.stadtkapelle-neunburg.de\/?page_id=1516"},"modified":"2025-05-24T14:14:04","modified_gmt":"2025-05-24T12:14:04","slug":"vorstandschaft","status":"publish","type":"page","link":"https:\/\/www.stadtkapelle-neunburg.de\/?page_id=1516","title":{"rendered":"Vorstandschaft"},"content":{"rendered":"\n<figure class=\"wp-block-image aligncenter size-full is-resized\"><img loading=\"lazy\" decoding=\"async\" width=\"1504\" height=\"1004\" src=\"https:\/\/www.stadtkapelle-neunburg.de\/wp-content\/uploads\/2025\/05\/59128c8f-fc9f-4075-8d01-c72194dfa2ca.jpeg\" alt=\"\" class=\"wp-image-4563\" style=\"width:926px;height:auto\" srcset=\"https:\/\/www.stadtkapelle-neunburg.de\/wp-content\/uploads\/2025\/05\/59128c8f-fc9f-4075-8d01-c72194dfa2ca.jpeg 1504w, https:\/\/www.stadtkapelle-neunburg.de\/wp-content\/uploads\/2025\/05\/59128c8f-fc9f-4075-8d01-c72194dfa2ca-300x200.jpeg 300w, https:\/\/www.stadtkapelle-neunburg.de\/wp-content\/uploads\/2025\/05\/59128c8f-fc9f-4075-8d01-c72194dfa2ca-1024x684.jpeg 1024w, https:\/\/www.stadtkapelle-neunburg.de\/wp-content\/uploads\/2025\/05\/59128c8f-fc9f-4075-8d01-c72194dfa2ca-768x513.jpeg 768w\" sizes=\"auto, (max-width: 1504px) 100vw, 1504px\" \/><figcaption class=\"wp-element-caption\">v. l. n. r. Thomas Nolden, Hubert Schleicher (stellv. Kreisvorsitzender &#8211; NBMB), Magdalena Zach, Martin Birner (1. B\u00fcrgermeister &#8211; Stadt Neunburg v. Wald), Karina M\u00fcller, Nico Voith, Christina Dommer, Markus Held, Philipp-Adrian Beutel<\/figcaption><\/figure>\n\n\n\n<h4 class=\"wp-block-heading\">Aufstellung der Stadtkapelle Neunburg vorm Wald<\/h4>\n\n\n\n<figure class=\"wp-block-table\"><table class=\"has-fixed-layout\"><thead><tr><th><strong>Funktion<\/strong><\/th><th><strong>Name<\/strong><\/th><\/tr><\/thead><tbody><tr><td>1. Vorsitzende<\/td><td>Magdalena Zach<\/td><\/tr><tr><td>2. Vorsitzender<\/td><td>Thomas Nolden<\/td><\/tr><tr><td>Kassier<\/td><td>Philipp-Adrian Beutel<\/td><\/tr><tr><td>Schriftf\u00fchrer<\/td><td>Nico Voith<\/td><\/tr><tr><td>stellv. Schriftf\u00fchrerin<\/td><td>Karina M\u00fcller<\/td><\/tr><tr><td>Beisitzer, musikalischer Leiter<\/td><td>Markus Held<\/td><\/tr><tr><td>Beisitzerin<\/td><td>Christina Dommer<\/td><\/tr><\/tbody><\/table><\/figure>\n\n\n\n<p><\/p>\n","protected":false},"excerpt":{"rendered":"<p>Aufstellung der Stadtkapelle Neunburg vorm Wald Funktion Name 1. Vorsitzende Magdalena Zach 2. Vorsitzender Thomas Nolden Kassier Philipp-Adrian Beutel Schriftf\u00fchrer Nico Voith stellv. Schriftf\u00fchrerin Karina M\u00fcller Beisitzer, musikalischer Leiter Markus Held Beisitzerin Christina Dommer<\/p>\n","protected":false},"author":3,"featured_media":0,"parent":0,"menu_order":0,"comment_status":"closed","ping_status":"closed","template":"","meta":{"site-sidebar-layout":"default","site-content-layout":"","ast-site-content-layout":"default","site-content-style":"default","site-sidebar-style":"default","ast-global-header-display":"","ast-banner-title-visibility":"","ast-main-header-display":"","ast-hfb-above-header-display":"","ast-hfb-below-header-display":"","ast-hfb-mobile-header-display":"","site-post-title":"","ast-breadcrumbs-content":"","ast-featured-img":"","footer-sml-layout":"","ast-disable-related-posts":"","theme-transparent-header-meta":"","adv-header-id-meta":"","stick-header-meta":"","header-above-stick-meta":"","header-main-stick-meta":"","header-below-stick-meta":"","astra-migrate-meta-layouts":"set","ast-page-background-enabled":"default","ast-page-background-meta":{"desktop":{"background-color":"","background-image":"","background-repeat":"repeat","background-position":"center center","background-size":"auto","background-attachment":"scroll","background-type":"","background-media":"","overlay-type":"","overlay-color":"","overlay-opacity":"","overlay-gradient":""},"tablet":{"background-color":"","background-image":"","background-repeat":"repeat","background-position":"center center","background-size":"auto","background-attachment":"scroll","background-type":"","background-media":"","overlay-type":"","overlay-color":"","overlay-opacity":"","overlay-gradient":""},"mobile":{"background-color":"","background-image":"","background-repeat":"repeat","background-position":"center center","background-size":"auto","background-attachment":"scroll","background-type":"","background-media":"","overlay-type":"","overlay-color":"","overlay-opacity":"","overlay-gradient":""}},"ast-content-background-meta":{"desktop":{"background-color":"var(--ast-global-color-5)","background-image":"","background-repeat":"repeat","background-position":"center center","background-size":"auto","background-attachment":"scroll","background-type":"","background-media":"","overlay-type":"","overlay-color":"","overlay-opacity":"","overlay-gradient":""},"tablet":{"background-color":"var(--ast-global-color-5)","background-image":"","background-repeat":"repeat","background-position":"center center","background-size":"auto","background-attachment":"scroll","background-type":"","background-media":"","overlay-type":"","overlay-color":"","overlay-opacity":"","overlay-gradient":""},"mobile":{"background-color":"var(--ast-global-color-5)","background-image":"","background-repeat":"repeat","background-position":"center center","background-size":"auto","background-attachment":"scroll","background-type":"","background-media":"","overlay-type":"","overlay-color":"","overlay-opacity":"","overlay-gradient":""}},"footnotes":""},"class_list":["post-1516","page","type-page","status-publish","hentry"],"_links":{"self":[{"href":"https:\/\/www.stadtkapelle-neunburg.de\/index.php?rest_route=\/wp\/v2\/pages\/1516","targetHints":{"allow":["GET"]}}],"collection":[{"href":"https:\/\/www.stadtkapelle-neunburg.de\/index.php?rest_route=\/wp\/v2\/pages"}],"about":[{"href":"https:\/\/www.stadtkapelle-neunburg.de\/index.php?rest_route=\/wp\/v2\/types\/page"}],"author":[{"embeddable":true,"href":"https:\/\/www.stadtkapelle-neunburg.de\/index.php?rest_route=\/wp\/v2\/users\/3"}],"replies":[{"embeddable":true,"href":"https:\/\/www.stadtkapelle-neunburg.de\/index.php?rest_route=%2Fwp%2Fv2%2Fcomments&post=1516"}],"version-history":[{"count":18,"href":"https:\/\/www.stadtkapelle-neunburg.de\/index.php?rest_route=\/wp\/v2\/pages\/1516\/revisions"}],"predecessor-version":[{"id":4566,"href":"https:\/\/www.stadtkapelle-neunburg.de\/index.php?rest_route=\/wp\/v2\/pages\/1516\/revisions\/4566"}],"wp:attachment":[{"href":"https:\/\/www.stadtkapelle-neunburg.de\/index.php?rest_route=%2Fwp%2Fv2%2Fmedia&parent=1516"}],"curies":[{"name":"wp","href":"https:\/\/api.w.org\/{rel}","templated":true}]}}