{"id":3990,"date":"2023-05-09T22:42:06","date_gmt":"2023-05-09T20:42:06","guid":{"rendered":"https:\/\/www.stadtkapelle-neunburg.de\/?page_id=3990"},"modified":"2025-10-14T21:42:02","modified_gmt":"2025-10-14T19:42:02","slug":"nachwuchsfoerderung","status":"publish","type":"page","link":"https:\/\/www.stadtkapelle-neunburg.de\/?page_id=3990","title":{"rendered":"Nachwuchsf\u00f6rderung"},"content":{"rendered":"\n<h2 class=\"wp-block-heading\">Viele gute Gr\u00fcnde, zur Stadtkapelle zu kommen<\/h2>\n\n\n\n<div class=\"wp-block-columns is-layout-flex wp-container-core-columns-is-layout-28f84493 wp-block-columns-is-layout-flex\">\n<div class=\"wp-block-column is-layout-flow wp-block-column-is-layout-flow\">\n<figure class=\"wp-block-image size-large\"><img loading=\"lazy\" decoding=\"async\" width=\"504\" height=\"713\" src=\"https:\/\/www.stadtkapelle-neunburg.de\/wp-content\/uploads\/2023\/05\/Horn-1020x1443-1-edited.jpg\" alt=\"\" class=\"wp-image-3996\" srcset=\"https:\/\/www.stadtkapelle-neunburg.de\/wp-content\/uploads\/2023\/05\/Horn-1020x1443-1-edited.jpg 504w, https:\/\/www.stadtkapelle-neunburg.de\/wp-content\/uploads\/2023\/05\/Horn-1020x1443-1-edited-212x300.jpg 212w\" sizes=\"auto, (max-width: 504px) 100vw, 504px\" \/><\/figure>\n<\/div>\n\n\n\n<div class=\"wp-block-column is-layout-flow wp-block-column-is-layout-flow\">\n<figure class=\"wp-block-image size-large\"><img loading=\"lazy\" decoding=\"async\" width=\"1088\" height=\"1507\" src=\"https:\/\/www.stadtkapelle-neunburg.de\/wp-content\/uploads\/2023\/05\/Tenorhorn-edited.jpg\" alt=\"\" class=\"wp-image-3995\" srcset=\"https:\/\/www.stadtkapelle-neunburg.de\/wp-content\/uploads\/2023\/05\/Tenorhorn-edited.jpg 1088w, https:\/\/www.stadtkapelle-neunburg.de\/wp-content\/uploads\/2023\/05\/Tenorhorn-edited-600x831.jpg 600w, https:\/\/www.stadtkapelle-neunburg.de\/wp-content\/uploads\/2023\/05\/Tenorhorn-edited-217x300.jpg 217w, https:\/\/www.stadtkapelle-neunburg.de\/wp-content\/uploads\/2023\/05\/Tenorhorn-edited-739x1024.jpg 739w, https:\/\/www.stadtkapelle-neunburg.de\/wp-content\/uploads\/2023\/05\/Tenorhorn-edited-768x1064.jpg 768w\" sizes=\"auto, (max-width: 1088px) 100vw, 1088px\" \/><\/figure>\n<\/div>\n\n\n\n<div class=\"wp-block-column is-layout-flow wp-block-column-is-layout-flow\">\n<figure class=\"wp-block-image size-large\"><img loading=\"lazy\" decoding=\"async\" width=\"740\" height=\"1024\" src=\"https:\/\/www.stadtkapelle-neunburg.de\/wp-content\/uploads\/2023\/05\/Trompete-e1616957591906-edited-740x1024.jpg\" alt=\"\" class=\"wp-image-3994\" srcset=\"https:\/\/www.stadtkapelle-neunburg.de\/wp-content\/uploads\/2023\/05\/Trompete-e1616957591906-edited-740x1024.jpg 740w, https:\/\/www.stadtkapelle-neunburg.de\/wp-content\/uploads\/2023\/05\/Trompete-e1616957591906-edited-600x831.jpg 600w, https:\/\/www.stadtkapelle-neunburg.de\/wp-content\/uploads\/2023\/05\/Trompete-e1616957591906-edited-217x300.jpg 217w, https:\/\/www.stadtkapelle-neunburg.de\/wp-content\/uploads\/2023\/05\/Trompete-e1616957591906-edited-768x1063.jpg 768w, https:\/\/www.stadtkapelle-neunburg.de\/wp-content\/uploads\/2023\/05\/Trompete-e1616957591906-edited.jpg 793w\" sizes=\"auto, (max-width: 740px) 100vw, 740px\" \/><\/figure>\n<\/div>\n\n\n\n<div class=\"wp-block-column is-layout-flow wp-block-column-is-layout-flow\">\n<figure class=\"wp-block-image size-full\"><img loading=\"lazy\" decoding=\"async\" width=\"640\" height=\"960\" src=\"https:\/\/www.stadtkapelle-neunburg.de\/wp-content\/uploads\/2023\/05\/Tuba.jpg\" alt=\"\" class=\"wp-image-3997\" srcset=\"https:\/\/www.stadtkapelle-neunburg.de\/wp-content\/uploads\/2023\/05\/Tuba.jpg 640w, https:\/\/www.stadtkapelle-neunburg.de\/wp-content\/uploads\/2023\/05\/Tuba-600x900.jpg 600w, https:\/\/www.stadtkapelle-neunburg.de\/wp-content\/uploads\/2023\/05\/Tuba-200x300.jpg 200w\" sizes=\"auto, (max-width: 640px) 100vw, 640px\" \/><\/figure>\n<\/div>\n<\/div>\n\n\n\n<p>Die Stadtkapelle gew\u00e4hrleistet seit vielen Jahren eine musikalische Ausbildung bei qualifizierten Lehrkr\u00e4ften, unter anderem in Zusammenarbeit mit der&nbsp;<a href=\"https:\/\/www.neunburgvormwald.de\/leben-in-neunburg\/schule-bildung\/musikschule\/\" target=\"_blank\" rel=\"noreferrer noopener\">St\u00e4dtischen Musikschule<\/a>. Daf\u00fcr haben wir ein gut durchdachtes&nbsp;<a href=\"https:\/\/stadtkapelle-neunburg.de\/wp-content\/uploads\/2020\/09\/Ausbildungskonzept.pdf\" target=\"_blank\" rel=\"noreferrer noopener\">Ausbildungskonzept<\/a>, das dich schnell ans Ziel bringt. \u00dcben musst du allerdings selbst!<\/p>\n\n\n\n<p>Die Stadtkapelle bezuschusst deine Ausbildung und den Kauf deines Instruments. Au\u00dferdem \u00fcbernehmen wir auch einen Gro\u00dfteil der Kosten f\u00fcr die sp\u00e4teren Musikerpr\u00fcfungen und Fortbildungen.<\/p>\n\n\n\n<p>Bei allen Aktivit\u00e4ten der Stadtkapelle bist du, mit deinem Instrument, automatisch und ohne zus\u00e4tzliche Kosten versichert.<\/p>\n\n\n\n<p>Das&nbsp;<a href=\"https:\/\/stadtkapelle-neunburg.de\/?page_id=234\">Jugendorchester<\/a>&nbsp;der Stadtkapelle Neunburg macht nicht nur gute Musik. Wir treffen uns zu Ausfl\u00fcgen, Freizeitaktivit\u00e4ten, Partys und gemeinschaftlichen Unternehmungen. Du bist von Anfang an dabei und integriert.<\/p>\n\n\n\n<p>Alle Vorteile eines aktiven Musikers hast du schon bei einem Mitgliedsbeitrag von 12 \u20ac im Jahr.<\/p>\n\n\n\n<div class=\"wp-block-columns is-layout-flex wp-container-core-columns-is-layout-28f84493 wp-block-columns-is-layout-flex\">\n<div class=\"wp-block-column is-layout-flow wp-block-column-is-layout-flow\" style=\"flex-basis:33.33%\">\n<figure class=\"wp-block-image aligncenter size-medium\"><img loading=\"lazy\" decoding=\"async\" width=\"212\" height=\"300\" src=\"https:\/\/www.stadtkapelle-neunburg.de\/wp-content\/uploads\/2023\/05\/Dirigent-1020x1443-1-edited-212x300.jpg\" alt=\"\" class=\"wp-image-4002\" srcset=\"https:\/\/www.stadtkapelle-neunburg.de\/wp-content\/uploads\/2023\/05\/Dirigent-1020x1443-1-edited-212x300.jpg 212w, https:\/\/www.stadtkapelle-neunburg.de\/wp-content\/uploads\/2023\/05\/Dirigent-1020x1443-1-edited.jpg 562w\" sizes=\"auto, (max-width: 212px) 100vw, 212px\" \/><\/figure>\n<\/div>\n\n\n\n<div class=\"wp-block-column is-layout-flow wp-block-column-is-layout-flow\" style=\"flex-basis:80%\">\n<p>F\u00fcr weitere Fragen steht unser Dirigent gerne zur Verf\u00fcgung:<br>Markus Held<br>Tel. 0172\/8264716 oder 09672\/9269525<br>E-Mail: <a href=\"mailto:dirigent@stadtkapelle-neunburg.de\">dirigent@stadtkapelle-neunburg.de<\/a><\/p>\n\n\n\n<p><\/p>\n<\/div>\n<\/div>\n\n\n\n<figure class=\"wp-block-image size-full\"><img loading=\"lazy\" decoding=\"async\" width=\"920\" height=\"872\" src=\"https:\/\/www.stadtkapelle-neunburg.de\/wp-content\/uploads\/2023\/05\/Wir-machen-Musik.png\" alt=\"\" class=\"wp-image-3999\" srcset=\"https:\/\/www.stadtkapelle-neunburg.de\/wp-content\/uploads\/2023\/05\/Wir-machen-Musik.png 920w, https:\/\/www.stadtkapelle-neunburg.de\/wp-content\/uploads\/2023\/05\/Wir-machen-Musik-600x569.png 600w, https:\/\/www.stadtkapelle-neunburg.de\/wp-content\/uploads\/2023\/05\/Wir-machen-Musik-300x284.png 300w, https:\/\/www.stadtkapelle-neunburg.de\/wp-content\/uploads\/2023\/05\/Wir-machen-Musik-768x728.png 768w\" sizes=\"auto, (max-width: 920px) 100vw, 920px\" \/><\/figure>\n\n\n\n<p>Hier im Instrumenten-Karussell des Nordbayerischen Musikbundes h\u00f6rst und siehst du alle Instrumente, die du erlernen kannst, um dann bei uns mitzuspielen:<\/p>\n\n\n\n<ul class=\"wp-block-list\">\n<li>Holzblasinstrumente:&nbsp;<a rel=\"noreferrer noopener\" href=\"https:\/\/youtu.be\/4TPNLKOikJw\" target=\"_blank\">https:\/\/youtu.be\/4TPNLKOikJw<\/a><\/li>\n\n\n\n<li>Hohe Blechblasinstrumente:&nbsp;<a rel=\"noreferrer noopener\" href=\"https:\/\/youtu.be\/DKzgPLins3c\" target=\"_blank\">https:\/\/youtu.be\/DKzgPLins3c<\/a><\/li>\n\n\n\n<li>Tiefe Blechblasinstrumente:&nbsp;<a rel=\"noreferrer noopener\" href=\"https:\/\/youtu.be\/l3Ea4C0N-5o\" target=\"_blank\">https:\/\/youtu.be\/l3Ea4C0N-5o<\/a>&nbsp;<\/li>\n\n\n\n<li>Schlagzeug:&nbsp;<a rel=\"noreferrer noopener\" href=\"https:\/\/youtu.be\/wNxmBWgWp0w\" target=\"_blank\">https:\/\/youtu.be\/wNxmBWgWp0w<\/a><\/li>\n<\/ul>\n\n\n\n<p>Gerne k\u00f6nnen wir f\u00fcr folgende Instrumente einen Schnuppertermin vereinbaren: Querfl\u00f6te, Klarinette, Saxophon, Trompete, Waldhorn, Posaune, Tenorhorn, Tuba und Schlagzeug.<\/p>\n","protected":false},"excerpt":{"rendered":"<p>Viele gute Gr\u00fcnde, zur Stadtkapelle zu kommen Die Stadtkapelle gew\u00e4hrleistet seit vielen Jahren eine musikalische Ausbildung bei qualifizierten Lehrkr\u00e4ften, unter anderem in Zusammenarbeit mit der&nbsp;St\u00e4dtischen Musikschule. Daf\u00fcr haben wir ein gut durchdachtes&nbsp;Ausbildungskonzept, das dich schnell ans Ziel bringt. \u00dcben musst du allerdings selbst! Die Stadtkapelle bezuschusst deine Ausbildung und den Kauf deines Instruments. Au\u00dferdem \u00fcbernehmen [&hellip;]<\/p>\n","protected":false},"author":3,"featured_media":0,"parent":0,"menu_order":0,"comment_status":"closed","ping_status":"closed","template":"","meta":{"site-sidebar-layout":"default","site-content-layout":"","ast-site-content-layout":"default","site-content-style":"default","site-sidebar-style":"default","ast-global-header-display":"","ast-banner-title-visibility":"","ast-main-header-display":"","ast-hfb-above-header-display":"","ast-hfb-below-header-display":"","ast-hfb-mobile-header-display":"","site-post-title":"","ast-breadcrumbs-content":"","ast-featured-img":"","footer-sml-layout":"","ast-disable-related-posts":"","theme-transparent-header-meta":"","adv-header-id-meta":"","stick-header-meta":"","header-above-stick-meta":"","header-main-stick-meta":"","header-below-stick-meta":"","astra-migrate-meta-layouts":"set","ast-page-background-enabled":"default","ast-page-background-meta":{"desktop":{"background-color":"","background-image":"","background-repeat":"repeat","background-position":"center center","background-size":"auto","background-attachment":"scroll","background-type":"","background-media":"","overlay-type":"","overlay-color":"","overlay-opacity":"","overlay-gradient":""},"tablet":{"background-color":"","background-image":"","background-repeat":"repeat","background-position":"center center","background-size":"auto","background-attachment":"scroll","background-type":"","background-media":"","overlay-type":"","overlay-color":"","overlay-opacity":"","overlay-gradient":""},"mobile":{"background-color":"","background-image":"","background-repeat":"repeat","background-position":"center center","background-size":"auto","background-attachment":"scroll","background-type":"","background-media":"","overlay-type":"","overlay-color":"","overlay-opacity":"","overlay-gradient":""}},"ast-content-background-meta":{"desktop":{"background-color":"var(--ast-global-color-5)","background-image":"","background-repeat":"repeat","background-position":"center center","background-size":"auto","background-attachment":"scroll","background-type":"","background-media":"","overlay-type":"","overlay-color":"","overlay-opacity":"","overlay-gradient":""},"tablet":{"background-color":"var(--ast-global-color-5)","background-image":"","background-repeat":"repeat","background-position":"center center","background-size":"auto","background-attachment":"scroll","background-type":"","background-media":"","overlay-type":"","overlay-color":"","overlay-opacity":"","overlay-gradient":""},"mobile":{"background-color":"var(--ast-global-color-5)","background-image":"","background-repeat":"repeat","background-position":"center center","background-size":"auto","background-attachment":"scroll","background-type":"","background-media":"","overlay-type":"","overlay-color":"","overlay-opacity":"","overlay-gradient":""}},"footnotes":""},"class_list":["post-3990","page","type-page","status-publish","hentry"],"_links":{"self":[{"href":"https:\/\/www.stadtkapelle-neunburg.de\/index.php?rest_route=\/wp\/v2\/pages\/3990","targetHints":{"allow":["GET"]}}],"collection":[{"href":"https:\/\/www.stadtkapelle-neunburg.de\/index.php?rest_route=\/wp\/v2\/pages"}],"about":[{"href":"https:\/\/www.stadtkapelle-neunburg.de\/index.php?rest_route=\/wp\/v2\/types\/page"}],"author":[{"embeddable":true,"href":"https:\/\/www.stadtkapelle-neunburg.de\/index.php?rest_route=\/wp\/v2\/users\/3"}],"replies":[{"embeddable":true,"href":"https:\/\/www.stadtkapelle-neunburg.de\/index.php?rest_route=%2Fwp%2Fv2%2Fcomments&post=3990"}],"version-history":[{"count":12,"href":"https:\/\/www.stadtkapelle-neunburg.de\/index.php?rest_route=\/wp\/v2\/pages\/3990\/revisions"}],"predecessor-version":[{"id":4598,"href":"https:\/\/www.stadtkapelle-neunburg.de\/index.php?rest_route=\/wp\/v2\/pages\/3990\/revisions\/4598"}],"wp:attachment":[{"href":"https:\/\/www.stadtkapelle-neunburg.de\/index.php?rest_route=%2Fwp%2Fv2%2Fmedia&parent=3990"}],"curies":[{"name":"wp","href":"https:\/\/api.w.org\/{rel}","templated":true}]}}