{"id":4055,"date":"2023-07-09T16:55:57","date_gmt":"2023-07-09T14:55:57","guid":{"rendered":"https:\/\/www.stadtkapelle-neunburg.de\/?page_id=4055"},"modified":"2026-03-26T21:40:02","modified_gmt":"2026-03-26T20:40:02","slug":"stadtkapellen-bambinis","status":"publish","type":"page","link":"https:\/\/www.stadtkapelle-neunburg.de\/?page_id=4055","title":{"rendered":"Stadtkapellen-Bambinis"},"content":{"rendered":"\n<p>Bei den Stadtkapellen-Bambinis lernen Kinder ab sechs Jahren zusammen in der Gruppe grundlegende Musikelemente. Neben dem Erlernen der Sopran-Blockfl\u00f6te sind auch Sing- und Rhythmusspiele mit verschiedenen Schlaginstrumenten Bestandteil des Angebotes. Die Inhalte der Musikalischen Fr\u00fcherziehung werden weitergef\u00fchrt und um Elemente wie Notenlehre erg\u00e4nzt. Damit kann eine Br\u00fccke zu einer m\u00f6glicherweise anschlie\u00dfenden Instrumentalausbildung geschlagen werden.<\/p>\n\n\n\n<hr class=\"wp-block-separator has-alpha-channel-opacity is-style-wide\"\/>\n\n\n\n<h4 class=\"wp-block-heading\">Zielgruppe<\/h4>\n\n\n\n<p>Kinder ab 6 Jahren.<\/p>\n\n\n\n<h4 class=\"wp-block-heading\">Termine<\/h4>\n\n\n\n<p>Termine: Jeden Freitag um 14:30 Uhr.<br>Dauer: 1 Jahr<\/p>\n\n\n\n<p>Das Beitrittsformular f\u00fcr die Bambinis befindet sich im Bereich <a href=\"https:\/\/www.stadtkapelle-neunburg.de\/?page_id=1518\" data-type=\"page\" data-id=\"1518\">Downloads<\/a>.<\/p>\n\n\n\n<h4 class=\"wp-block-heading\">Leitung<\/h4>\n\n\n\n<figure class=\"wp-block-image size-large is-resized\"><img loading=\"lazy\" decoding=\"async\" width=\"1024\" height=\"683\" src=\"https:\/\/www.stadtkapelle-neunburg.de\/wp-content\/uploads\/2023\/09\/DSC_0378_klein-1024x683.jpg\" alt=\"\" class=\"wp-image-4091\" style=\"width:532px;height:auto\" srcset=\"https:\/\/www.stadtkapelle-neunburg.de\/wp-content\/uploads\/2023\/09\/DSC_0378_klein-1024x683.jpg 1024w, https:\/\/www.stadtkapelle-neunburg.de\/wp-content\/uploads\/2023\/09\/DSC_0378_klein-scaled-600x400.jpg 600w, https:\/\/www.stadtkapelle-neunburg.de\/wp-content\/uploads\/2023\/09\/DSC_0378_klein-300x200.jpg 300w, https:\/\/www.stadtkapelle-neunburg.de\/wp-content\/uploads\/2023\/09\/DSC_0378_klein-768x512.jpg 768w, https:\/\/www.stadtkapelle-neunburg.de\/wp-content\/uploads\/2023\/09\/DSC_0378_klein-1536x1024.jpg 1536w, https:\/\/www.stadtkapelle-neunburg.de\/wp-content\/uploads\/2023\/09\/DSC_0378_klein-2048x1365.jpg 2048w\" sizes=\"auto, (max-width: 1024px) 100vw, 1024px\" \/><\/figure>\n\n\n\n<p>Isabelle Lehmann, Tel. +49 176 24792465&nbsp;<br>Christina Dommer, Tel. +49 176 63742022&nbsp;<\/p>\n\n\n\n<p>Kontakt per Mail: <a href=\"mailto:bambini@stadtkapelle-neunburg.de\">bambini@stadtkapelle-neunburg.de<\/a><\/p>\n\n\n\n<div class=\"wp-block-file\"><a href=\"https:\/\/www.stadtkapelle-neunburg.de\/wp-content\/uploads\/2023\/09\/Bamibis-Info-August23.pdf\" class=\"wp-block-file__button wp-element-button\" download>Elternbrief Bambinis<\/a><\/div>\n\n\n\n<hr class=\"wp-block-separator has-alpha-channel-opacity is-style-wide\"\/>\n\n\n\n<div class=\"wp-block-columns is-layout-flex wp-container-core-columns-is-layout-28f84493 wp-block-columns-is-layout-flex\">\n<div class=\"wp-block-column is-layout-flow wp-block-column-is-layout-flow\">\n<figure class=\"wp-block-image alignfull size-full\"><img loading=\"lazy\" decoding=\"async\" width=\"1414\" height=\"2000\" src=\"https:\/\/www.stadtkapelle-neunburg.de\/wp-content\/uploads\/2025\/07\/Kopie-von-Flyer-Bambinis-Entwurf.zip-1.jpg\" alt=\"\" class=\"wp-image-4586\" srcset=\"https:\/\/www.stadtkapelle-neunburg.de\/wp-content\/uploads\/2025\/07\/Kopie-von-Flyer-Bambinis-Entwurf.zip-1.jpg 1414w, https:\/\/www.stadtkapelle-neunburg.de\/wp-content\/uploads\/2025\/07\/Kopie-von-Flyer-Bambinis-Entwurf.zip-1-212x300.jpg 212w, https:\/\/www.stadtkapelle-neunburg.de\/wp-content\/uploads\/2025\/07\/Kopie-von-Flyer-Bambinis-Entwurf.zip-1-724x1024.jpg 724w, https:\/\/www.stadtkapelle-neunburg.de\/wp-content\/uploads\/2025\/07\/Kopie-von-Flyer-Bambinis-Entwurf.zip-1-768x1086.jpg 768w, https:\/\/www.stadtkapelle-neunburg.de\/wp-content\/uploads\/2025\/07\/Kopie-von-Flyer-Bambinis-Entwurf.zip-1-1086x1536.jpg 1086w\" sizes=\"auto, (max-width: 1414px) 100vw, 1414px\" \/><\/figure>\n<\/div>\n\n\n\n<div class=\"wp-block-column is-layout-flow wp-block-column-is-layout-flow\">\n<figure class=\"wp-block-image alignfull size-full\"><img loading=\"lazy\" decoding=\"async\" width=\"1414\" height=\"2000\" src=\"https:\/\/www.stadtkapelle-neunburg.de\/wp-content\/uploads\/2025\/07\/Flyer-Bambinis-0625.zip-2.jpg\" alt=\"\" class=\"wp-image-4585\" srcset=\"https:\/\/www.stadtkapelle-neunburg.de\/wp-content\/uploads\/2025\/07\/Flyer-Bambinis-0625.zip-2.jpg 1414w, https:\/\/www.stadtkapelle-neunburg.de\/wp-content\/uploads\/2025\/07\/Flyer-Bambinis-0625.zip-2-212x300.jpg 212w, https:\/\/www.stadtkapelle-neunburg.de\/wp-content\/uploads\/2025\/07\/Flyer-Bambinis-0625.zip-2-724x1024.jpg 724w, https:\/\/www.stadtkapelle-neunburg.de\/wp-content\/uploads\/2025\/07\/Flyer-Bambinis-0625.zip-2-768x1086.jpg 768w, https:\/\/www.stadtkapelle-neunburg.de\/wp-content\/uploads\/2025\/07\/Flyer-Bambinis-0625.zip-2-1086x1536.jpg 1086w\" sizes=\"auto, (max-width: 1414px) 100vw, 1414px\" \/><\/figure>\n<\/div>\n<\/div>\n","protected":false},"excerpt":{"rendered":"<p>Bei den Stadtkapellen-Bambinis lernen Kinder ab sechs Jahren zusammen in der Gruppe grundlegende Musikelemente. Neben dem Erlernen der Sopran-Blockfl\u00f6te sind auch Sing- und Rhythmusspiele mit verschiedenen Schlaginstrumenten Bestandteil des Angebotes. Die Inhalte der Musikalischen Fr\u00fcherziehung werden weitergef\u00fchrt und um Elemente wie Notenlehre erg\u00e4nzt. Damit kann eine Br\u00fccke zu einer m\u00f6glicherweise anschlie\u00dfenden Instrumentalausbildung geschlagen werden. Zielgruppe [&hellip;]<\/p>\n","protected":false},"author":3,"featured_media":0,"parent":0,"menu_order":0,"comment_status":"closed","ping_status":"closed","template":"","meta":{"site-sidebar-layout":"default","site-content-layout":"","ast-site-content-layout":"default","site-content-style":"default","site-sidebar-style":"default","ast-global-header-display":"","ast-banner-title-visibility":"","ast-main-header-display":"","ast-hfb-above-header-display":"","ast-hfb-below-header-display":"","ast-hfb-mobile-header-display":"","site-post-title":"","ast-breadcrumbs-content":"","ast-featured-img":"","footer-sml-layout":"","ast-disable-related-posts":"","theme-transparent-header-meta":"","adv-header-id-meta":"","stick-header-meta":"","header-above-stick-meta":"","header-main-stick-meta":"","header-below-stick-meta":"","astra-migrate-meta-layouts":"set","ast-page-background-enabled":"default","ast-page-background-meta":{"desktop":{"background-color":"","background-image":"","background-repeat":"repeat","background-position":"center center","background-size":"auto","background-attachment":"scroll","background-type":"","background-media":"","overlay-type":"","overlay-color":"","overlay-opacity":"","overlay-gradient":""},"tablet":{"background-color":"","background-image":"","background-repeat":"repeat","background-position":"center center","background-size":"auto","background-attachment":"scroll","background-type":"","background-media":"","overlay-type":"","overlay-color":"","overlay-opacity":"","overlay-gradient":""},"mobile":{"background-color":"","background-image":"","background-repeat":"repeat","background-position":"center center","background-size":"auto","background-attachment":"scroll","background-type":"","background-media":"","overlay-type":"","overlay-color":"","overlay-opacity":"","overlay-gradient":""}},"ast-content-background-meta":{"desktop":{"background-color":"var(--ast-global-color-5)","background-image":"","background-repeat":"repeat","background-position":"center center","background-size":"auto","background-attachment":"scroll","background-type":"","background-media":"","overlay-type":"","overlay-color":"","overlay-opacity":"","overlay-gradient":""},"tablet":{"background-color":"var(--ast-global-color-5)","background-image":"","background-repeat":"repeat","background-position":"center center","background-size":"auto","background-attachment":"scroll","background-type":"","background-media":"","overlay-type":"","overlay-color":"","overlay-opacity":"","overlay-gradient":""},"mobile":{"background-color":"var(--ast-global-color-5)","background-image":"","background-repeat":"repeat","background-position":"center center","background-size":"auto","background-attachment":"scroll","background-type":"","background-media":"","overlay-type":"","overlay-color":"","overlay-opacity":"","overlay-gradient":""}},"footnotes":""},"class_list":["post-4055","page","type-page","status-publish","hentry"],"_links":{"self":[{"href":"https:\/\/www.stadtkapelle-neunburg.de\/index.php?rest_route=\/wp\/v2\/pages\/4055","targetHints":{"allow":["GET"]}}],"collection":[{"href":"https:\/\/www.stadtkapelle-neunburg.de\/index.php?rest_route=\/wp\/v2\/pages"}],"about":[{"href":"https:\/\/www.stadtkapelle-neunburg.de\/index.php?rest_route=\/wp\/v2\/types\/page"}],"author":[{"embeddable":true,"href":"https:\/\/www.stadtkapelle-neunburg.de\/index.php?rest_route=\/wp\/v2\/users\/3"}],"replies":[{"embeddable":true,"href":"https:\/\/www.stadtkapelle-neunburg.de\/index.php?rest_route=%2Fwp%2Fv2%2Fcomments&post=4055"}],"version-history":[{"count":14,"href":"https:\/\/www.stadtkapelle-neunburg.de\/index.php?rest_route=\/wp\/v2\/pages\/4055\/revisions"}],"predecessor-version":[{"id":4587,"href":"https:\/\/www.stadtkapelle-neunburg.de\/index.php?rest_route=\/wp\/v2\/pages\/4055\/revisions\/4587"}],"wp:attachment":[{"href":"https:\/\/www.stadtkapelle-neunburg.de\/index.php?rest_route=%2Fwp%2Fv2%2Fmedia&parent=4055"}],"curies":[{"name":"wp","href":"https:\/\/api.w.org\/{rel}","templated":true}]}}